{"id":293,"date":"2021-03-18T14:48:36","date_gmt":"2021-03-18T13:48:36","guid":{"rendered":"https:\/\/www.eurocornicisrl.it\/?page_id=293"},"modified":"2025-04-04T15:56:34","modified_gmt":"2025-04-04T13:56:34","slug":"features","status":"publish","type":"page","link":"https:\/\/eurocornicisrl.it\/de\/features\/","title":{"rendered":"Eigenschaften"},"content":{"rendered":"<p>[vc_row content_placement=&#8221;middle&#8221; el_id=&#8221;soft-close&#8221; css=&#8221;.vc_custom_1616403042980{margin-top: 50px !important;}&#8221;][vc_column width=&#8221;1\/2&#8243; css=&#8221;.vc_custom_1616252499745{background-image: url(https:\/\/www.eurocornicisrl.it\/eurocornici\/app\/uploads\/2021\/03\/Eurocornici-Soft-Close.jpg?id=457) !important;background-position: center !important;background-repeat: no-repeat !important;background-size: contain !important;}&#8221;][vc_empty_space height=&#8221;300px&#8221;][\/vc_column][vc_column width=&#8221;1\/2&#8243;][vc_custom_heading text=&#8221;Soft Close&#8221; font_container=&#8221;tag:h2|text_align:left|color:%2317439d&#8221; use_theme_fonts=&#8221;yes&#8221;][vc_column_text]<span style=\"font-weight: 400;\">Das Soft-Close-System passt die Sinkgeschwindigkeit des Toilettensitzes an. Es kommt oft vor, dass der Deckel von den H\u00e4nden rutscht und heftig auf die Keramik trifft. Zus\u00e4tzlich zum Ger\u00e4usch kann der Aufprall sowohl den Toilettensitz als auch die Toilette selbst besch\u00e4digen.<\/span>[\/vc_column_text][vc_column_text]<span style=\"font-weight: 400;\">Das Soft-Close-System d\u00e4mpft die Schlie\u00dfwirkung f\u00fcr ein leiseres und komfortableres Badezimmer.<\/span>[\/vc_column_text][\/vc_column][\/vc_row][vc_row css=&#8221;.vc_custom_1616252536029{margin-top: 50px !important;margin-bottom: 50px !important;}&#8221;][vc_column el_class=&#8221;over&#8221; css=&#8221;.vc_custom_1616252710757{padding-top: 30px !important;padding-right: 20px !important;padding-bottom: 30px !important;padding-left: 20px !important;}&#8221;][vc_custom_heading text=&#8221;Wie funktioniert das Soft Close System?&#8221; font_container=&#8221;tag:h3|text_align:left|color:%2317439d&#8221; use_theme_fonts=&#8221;yes&#8221;][vc_column_text]<span style=\"font-weight: 400;\">Die speziellen Scharniere zwischen Deckel und Toilettensitz sind mit hochwertigen Sto\u00dfd\u00e4mpfern ausgestattet. Dadurch kann sich der Deckel langsam schlie\u00dfen und einstellen, wie schnell sich die Toilette schlie\u00dft.<br \/>\n<\/span><span style=\"font-weight: 400;\">Mit diesem System wird nicht nur ein gewaltsamer Aufprall vermieden, sondern auch die Stille erheblich erh\u00f6ht. Unsere Bremsen verwenden ein mechanisches System und enthalten keine umweltsch\u00e4dlichen \u00d6le, um die Umwelt optimal zu sch\u00fctzen.<\/span>[\/vc_column_text][vc_empty_space][vc_custom_heading text=&#8221;Was sind die Vorteile des automatischen Schlie\u00dfens?&#8221; font_container=&#8221;tag:h3|text_align:left|color:%2317439d&#8221; use_theme_fonts=&#8221;yes&#8221;][vc_column_text]<span style=\"font-weight: 400;\">Komfort ist der Hauptvorteil der Soft Close-Technologie.<br \/>\n<\/span><span style=\"font-weight: 400;\">Die Leichtigkeit, mit der Sie den Toilettendeckel schlie\u00dfen k\u00f6nnen, ist besonders f\u00fcr \u00e4ltere Menschen geeignet, die keine seltsamen Bewegungen ausf\u00fchren m\u00fcssen, die f\u00fcr den R\u00fccken und die Gelenke gef\u00e4hrlich sind.<br \/>\n<\/span><span style=\"font-weight: 400;\">Das Soft-Close-System ist auch f\u00fcr die Kleinen sicher. Die F\u00e4higkeit, den Verschluss abzufedern, verhindert das Risiko eines Traumas, indem die Finger der Kleinen gequetscht werden, selbst wenn es sich um eine kleinere Entit\u00e4t handelt.<\/span>[\/vc_column_text][vc_video link=&#8221;https:\/\/www.youtube.com\/watch?v=ezgDCvyLkxk&#8221;][\/vc_column][\/vc_row][vc_row full_width=&#8221;stretch_row&#8221; css=&#8221;.vc_custom_1616252404930{background-color: #17439d !important;}&#8221;][vc_column][vc_empty_space height=&#8221;52px&#8221;][\/vc_column][\/vc_row][vc_row equal_height=&#8221;yes&#8221; content_placement=&#8221;middle&#8221; css=&#8221;.vc_custom_1616402875324{margin-top: 50px !important;}&#8221; el_id=&#8221;take-off&#8221;][vc_column width=&#8221;1\/2&#8243; css=&#8221;.vc_custom_1616415101057{background-image: url(https:\/\/www.eurocornicisrl.it\/eurocornici\/app\/uploads\/2021\/03\/eurocornici-take-off.jpg?id=458) !important;background-position: center !important;background-repeat: no-repeat !important;background-size: contain !important;}&#8221;][vc_empty_space height=&#8221;300px&#8221;][\/vc_column][vc_column width=&#8221;1\/2&#8243;][vc_custom_heading text=&#8221;Take off&#8221; font_container=&#8221;tag:h2|text_align:left|color:%2317439d&#8221; use_theme_fonts=&#8221;yes&#8221;][vc_column_text]<span style=\"font-weight: 400;\">Das Reinigen der Toilette war noch nie einfacher. Das Take Off System des Toilettensitzes erm\u00f6glicht eine genaue, einfache und schnelle Hygiene aller Komponenten der Toilette.<\/span>[\/vc_column_text][vc_column_text]<span style=\"font-weight: 400;\">Eine einzige Bewegung reicht aus und es ist keine spezielle Ausr\u00fcstung erforderlich, weder um den Toilettensitz zu entfernen noch um ihn aufzuh\u00e4ngen, sobald die Desinfektionsarbeiten abgeschlossen sind. Das Take Off-System erleichtert nicht nur die Reinigung, sondern auch den Austausch des gesamten Toilettensitzes.<\/span>[\/vc_column_text][\/vc_column][\/vc_row][vc_row css=&#8221;.vc_custom_1616252592325{margin-top: 50px !important;margin-bottom: 50px !important;}&#8221;][vc_column el_class=&#8221;over&#8221; css=&#8221;.vc_custom_1616252743537{padding-top: 30px !important;padding-right: 20px !important;padding-bottom: 30px !important;padding-left: 20px !important;}&#8221;][vc_custom_heading text=&#8221;Wie funktioniert die Take Off-Technologie?&#8221; font_container=&#8221;tag:h3|text_align:left|color:%2317439d&#8221; use_theme_fonts=&#8221;yes&#8221;][vc_column_text]<span style=\"font-weight: 400;\">Dank der mitgelieferten Spezialscharniere kann der Toilettensitz schnell und einfach entfernt werden. Sobald die Scharniere befestigt sind, ist der Toilettensitz perfekt verankert, aber Sie k\u00f6nnen den Sitz jederzeit aushaken, um ihn zu perfekt reinigen<\/span>.[\/vc_column_text][vc_empty_space][vc_custom_heading text=&#8221;Was sind die Vorteile eines abnehmbaren Toilettensitzes?&#8221; font_container=&#8221;tag:h3|text_align:left|color:%2317439d&#8221; use_theme_fonts=&#8221;yes&#8221;][vc_column_text]<span style=\"font-weight: 400;\">Offensichtlich ist eine gr\u00f6\u00dfere Sauberkeit der Hauptvorteil eines vollst\u00e4ndig abnehmbaren Toilettensitzes mit Take Off-Technologie. Auf diese Weise k\u00f6nnen Sie problemlos die kompliziertesten Stellen erreichen, um den Toilettensitz in der Dusche zu desinfizieren oder zu sp\u00fclen.<\/span>[\/vc_column_text][\/vc_column][\/vc_row][vc_row][vc_column css=&#8221;.vc_custom_1616664539441{margin-bottom: 40px !important;}&#8221;][vc_row_inner equal_height=&#8221;yes&#8221; content_placement=&#8221;bottom&#8221; gap=&#8221;5&#8243;][vc_column_inner el_class=&#8221;over&#8221; width=&#8221;5\/12&#8243;][vc_empty_space][vc_video link=&#8221;https:\/\/www.youtube.com\/watch?v=BX-izAQG_vc&#8221;][\/vc_column_inner][vc_column_inner width=&#8221;2\/12&#8243;][vc_empty_space][\/vc_column_inner][vc_column_inner el_class=&#8221;over&#8221; width=&#8221;5\/12&#8243;][vc_empty_space][vc_video link=&#8221;https:\/\/www.youtube.com\/watch?v=uc4Kyhnzswk&#8221;][\/vc_column_inner][\/vc_row_inner][\/vc_column][\/vc_row][vc_row full_width=&#8221;stretch_row&#8221; css=&#8221;.vc_custom_1616252404930{background-color: #17439d !important;}&#8221;][vc_column][vc_empty_space height=&#8221;52px&#8221;][\/vc_column][\/vc_row][vc_row content_placement=&#8221;middle&#8221; css=&#8221;.vc_custom_1616402894249{margin-top: 50px !important;}&#8221; el_id=&#8221;top-fixing&#8221;][vc_column width=&#8221;1\/2&#8243; css=&#8221;.vc_custom_1616415031432{background-image: url(https:\/\/www.eurocornicisrl.it\/eurocornici\/app\/uploads\/2021\/03\/Eurocornici-Top-Fixing.jpg?id=456) !important;background-position: center !important;background-repeat: no-repeat !important;background-size: contain !important;}&#8221;][vc_empty_space height=&#8221;300px&#8221;][\/vc_column][vc_column width=&#8221;1\/2&#8243;][vc_custom_heading text=&#8221;Top Fixing&#8221; font_container=&#8221;tag:h2|text_align:left|color:%2317439d&#8221; use_theme_fonts=&#8221;yes&#8221;][vc_column_text]<span style=\"font-weight: 400;\">Alle unsere Scharniere sind mit dem praktischen Top-Befestigungssystem ausgestattet, um eine einfachere Befestigung von oben zu erm\u00f6glichen.<\/span>[\/vc_column_text][vc_column_text]<span style=\"font-weight: 400;\">Sie m\u00fcssen sich nicht mehr unter die Toilette legen, um die Muttern festzuziehen.<\/span>[\/vc_column_text][\/vc_column][\/vc_row][vc_row css=&#8221;.vc_custom_1616252654843{margin-top: 50px !important;margin-bottom: 50px !important;}&#8221;][vc_column el_class=&#8221;over&#8221; css=&#8221;.vc_custom_1616252759064{padding-top: 30px !important;padding-right: 20px !important;padding-bottom: 30px !important;padding-left: 20px !important;}&#8221;][vc_custom_heading text=&#8221;Wie funktioniert die Top Fixing-Technologie?&#8221; font_container=&#8221;tag:h3|text_align:left|color:%2317439d&#8221; use_theme_fonts=&#8221;yes&#8221;][vc_column_text]<span style=\"font-weight: 400;\">Die eingesetzte Gewindeschraube wird durch einen praktischen Anschlag blockiert, sodass der Installateur das Scharnier bequem festschrauben und perfekt befestigen kann. Nach dem Anschrauben der Scharniere kann der neue Sitz bequem befestigt werden. Die Top Fixing-Technologie erleichtert auch den Austausch von Scharnieren, die durch Gebrauch und Zeit abgenutzt sind.<\/span>[\/vc_column_text][vc_empty_space][vc_custom_heading text=&#8221;Was sind die Vorteile dieser Scharniertypen?&#8221; font_container=&#8221;tag:h3|text_align:left|color:%2317439d&#8221; use_theme_fonts=&#8221;yes&#8221;][vc_column_text]<span style=\"font-weight: 400;\">Schnelle und einfache Montage. Die Top Fixing-Technologie erleichtert den Installateuren das Leben, sodass der Sitz wie so oft von oben und nicht von unten verankert werden kann. Auch der Austausch des Altes Sitzes ist wesentlich einfacher als in der Vergangenheit.<\/span>[\/vc_column_text][\/vc_column][\/vc_row][vc_row][vc_column css=&#8221;.vc_custom_1616664539441{margin-bottom: 40px !important;}&#8221;][vc_row_inner equal_height=&#8221;yes&#8221; content_placement=&#8221;bottom&#8221; gap=&#8221;5&#8243;][vc_column_inner el_class=&#8221;over&#8221; width=&#8221;5\/12&#8243;][vc_empty_space][vc_video link=&#8221;https:\/\/www.youtube.com\/watch?v=BX-izAQG_vc&#8221;][\/vc_column_inner][vc_column_inner width=&#8221;2\/12&#8243;][vc_empty_space][\/vc_column_inner][vc_column_inner el_class=&#8221;over&#8221; width=&#8221;5\/12&#8243;][vc_empty_space][vc_video link=&#8221;https:\/\/www.youtube.com\/watch?v=uc4Kyhnzswk&#8221;][\/vc_column_inner][\/vc_row_inner][\/vc_column][\/vc_row]<\/p>\n","protected":false},"excerpt":{"rendered":"<p>[vc_row content_placement=&#8221;middle&#8221; el_id=&#8221;soft-close&#8221; css=&#8221;.vc_custom_1616403042980{margin-top: 50px !important;}&#8221;][vc_column width=&#8221;1\/2&#8243; css=&#8221;.vc_custom_1616252499745{background-image: url(https:\/\/www.eurocornicisrl.it\/eurocornici\/app\/uploads\/2021\/03\/Eurocornici-Soft-Close.jpg?id=457) !important;background-position: center !important;background-repeat: no-repeat !important;background-size: contain !important;}&#8221;][vc_empty_space height=&#8221;300px&#8221;][\/vc_column][vc_column width=&#8221;1\/2&#8243;][vc_custom_heading text=&#8221;Soft Close&#8221; font_container=&#8221;tag:h2|text_align:left|color:%2317439d&#8221; use_theme_fonts=&#8221;yes&#8221;][vc_column_text]Das Soft-Close-System passt die Sinkgeschwindigkeit des Toilettensitzes an. Es kommt oft vor, dass der Deckel von den H\u00e4nden rutscht und heftig auf die Keramik trifft. Zus\u00e4tzlich zum Ger\u00e4usch kann der Aufprall sowohl den Toilettensitz &hellip;<\/p>\n<p class=\"read-more\"> <a class=\"\" href=\"https:\/\/eurocornicisrl.it\/de\/features\/\"> <span class=\"screen-reader-text\">Eigenschaften<\/span> Read More &raquo;<\/a><\/p>\n","protected":false},"author":1,"featured_media":0,"parent":0,"menu_order":0,"comment_status":"closed","ping_status":"closed","template":"","meta":{"footnotes":""},"class_list":["post-293","page","type-page","status-publish","hentry"],"translation":{"provider":"WPGlobus","version":"2.6.8","language":"de","enabled_languages":["it","en","de"],"languages":{"it":{"title":true,"content":true,"excerpt":false},"en":{"title":true,"content":true,"excerpt":false},"de":{"title":true,"content":true,"excerpt":false}}},"_links":{"self":[{"href":"https:\/\/eurocornicisrl.it\/de\/wp-json\/wp\/v2\/pages\/293","targetHints":{"allow":["GET"]}}],"collection":[{"href":"https:\/\/eurocornicisrl.it\/de\/wp-json\/wp\/v2\/pages"}],"about":[{"href":"https:\/\/eurocornicisrl.it\/de\/wp-json\/wp\/v2\/types\/page"}],"author":[{"embeddable":true,"href":"https:\/\/eurocornicisrl.it\/de\/wp-json\/wp\/v2\/users\/1"}],"replies":[{"embeddable":true,"href":"https:\/\/eurocornicisrl.it\/de\/wp-json\/wp\/v2\/comments?post=293"}],"version-history":[{"count":53,"href":"https:\/\/eurocornicisrl.it\/de\/wp-json\/wp\/v2\/pages\/293\/revisions"}],"predecessor-version":[{"id":1141,"href":"https:\/\/eurocornicisrl.it\/de\/wp-json\/wp\/v2\/pages\/293\/revisions\/1141"}],"wp:attachment":[{"href":"https:\/\/eurocornicisrl.it\/de\/wp-json\/wp\/v2\/media?parent=293"}],"curies":[{"name":"wp","href":"https:\/\/api.w.org\/{rel}","templated":true}]}}