{"id":285,"date":"2021-03-18T13:49:47","date_gmt":"2021-03-18T12:49:47","guid":{"rendered":"https:\/\/www.eurocornicisrl.it\/?page_id=285"},"modified":"2021-07-07T17:18:11","modified_gmt":"2021-07-07T15:18:11","slug":"copriwater-safecare","status":"publish","type":"page","link":"https:\/\/eurocornicisrl.it\/de\/copriwater-safecare\/","title":{"rendered":"Safe&#038;Care"},"content":{"rendered":"<p>[vc_row full_width=&#8221;stretch_row_content&#8221; equal_height=&#8221;yes&#8221; content_placement=&#8221;middle&#8221; css=&#8221;.vc_custom_1615992229506{background-color: #285ac7 !important;}&#8221;][vc_column width=&#8221;1\/2&#8243; css=&#8221;.vc_custom_1616250644238{padding-top: 20px !important;padding-right: 20px !important;padding-bottom: 15px !important;padding-left: 50px !important;}&#8221;][vc_empty_space][vc_custom_heading text=&#8221;SebaHygiene&#8221; font_container=&#8221;tag:h2|text_align:left|color:%23ffffff&#8221; use_theme_fonts=&#8221;yes&#8221;][vc_column_text el_class=&#8221;white&#8221;]<span style=\"font-size: 1.2em;\">Es ist unsere Linie von Toilettensitzen aus antibakteriellen Materialien, um immer die Hygienesicherheit der Toilette zu gew\u00e4hrleisten.<\/span>[\/vc_column_text][vc_empty_space][\/vc_column][vc_column width=&#8221;1\/2&#8243; css=&#8221;.vc_custom_1616163874904{background-color: #ffffff !important;background-position: center !important;background-repeat: no-repeat !important;background-size: cover !important;}&#8221; el_class=&#8221;over&#8221;][vc_single_image image=&#8221;845&#8243; img_size=&#8221;full&#8221; alignment=&#8221;center&#8221;][\/vc_column][\/vc_row][vc_row full_width=&#8221;stretch_row_content&#8221; content_placement=&#8221;middle&#8221; css=&#8221;.vc_custom_1616163984000{margin-top: 50px !important;margin-bottom: 50px !important;}&#8221;][vc_column width=&#8221;1\/2&#8243; css=&#8221;.vc_custom_1616163718919{background-position: center !important;background-repeat: no-repeat !important;background-size: contain !important;}&#8221;][vc_single_image image=&#8221;370&#8243; img_size=&#8221;full&#8221; alignment=&#8221;center&#8221;][\/vc_column][vc_column width=&#8221;1\/2&#8243;][mvc_infobox info_style=&#8221;mega_info_box_2&#8243; info_opt=&#8221;show_icon&#8221; icon_height=&#8221;25&#8243; title_color=&#8221;#000000&#8243; font_icon=&#8221;far fa-plus-square&#8221; icon_color=&#8221;#285ac7&#8243; info_title=&#8221;Sie k\u00f6nnen zwischen zwei Materialien w\u00e4hlen&#8221;]Beide unsere Sitze in MDF und Duroplast k\u00f6nnen antibakterielle sein, so dass die Entwicklung und Vermehrung von Bakterien und Mikroorganismen auf ihren Oberfl\u00e4chen behindert wird.[\/mvc_infobox][\/vc_column][\/vc_row][vc_row full_width=&#8221;stretch_row_content&#8221; content_placement=&#8221;middle&#8221; css=&#8221;.vc_custom_1616163997452{margin-top: 50px !important;margin-bottom: 50px !important;}&#8221;][vc_column width=&#8221;1\/2&#8243;][mvc_infobox info_style=&#8221;mega_info_box_2&#8243; info_opt=&#8221;show_icon&#8221; icon_height=&#8221;25&#8243; title_color=&#8221;#000000&#8243; font_icon=&#8221;far fa-plus-square&#8221; icon_color=&#8221;#285ac7&#8243; info_title=&#8221;Antibakterielles Zertifikat&#8221;]<span style=\"font-weight: 400;\">Sowohl die antibakterielle Beschichtung der lackierten MDF-Toilettensitze als auch die antimikrobielle Wirkung der Toilettensitze in ureic resin sind zertifiziert und werden durch spezifische Tests garantiert, die vom <strong>Giordano-Institut<\/strong> und der <strong>Autonomen Universit\u00e4t Barcelona<\/strong> durchgef\u00fchrt werden. Ihre F\u00e4higkeit, mikrobielle Aktivit\u00e4t zu verhindern, wird durch gew\u00f6hnliche Reinigungs- und Desinfektionsma\u00dfnahmen nicht beeintr\u00e4chtigt.<\/span>[\/mvc_infobox][\/vc_column][vc_column width=&#8221;1\/2&#8243; css=&#8221;.vc_custom_1616163718919{background-position: center !important;background-repeat: no-repeat !important;background-size: contain !important;}&#8221;][vc_single_image image=&#8221;378&#8243; img_size=&#8221;full&#8221; alignment=&#8221;center&#8221;][\/vc_column][\/vc_row][vc_row full_width=&#8221;stretch_row_content&#8221; equal_height=&#8221;yes&#8221; content_placement=&#8221;middle&#8221; css=&#8221;.vc_custom_1616167205747{background-color: #fbfbfb !important;}&#8221;][vc_column width=&#8221;1\/2&#8243; css=&#8221;.vc_custom_1616251599147{padding-top: 30px !important;padding-right: 50px !important;padding-bottom: 30px !important;padding-left: 50px !important;}&#8221;][vc_custom_heading text=&#8221;MDF und Harnstoff: antibakterielle materialien&#8221; font_container=&#8221;tag:h2|text_align:left|color:%23285ac7&#8243; use_theme_fonts=&#8221;yes&#8221;][vc_column_text]Die Toilettensitze der SebaHygiene-Linie, in MDF lackiert mit einer speziellen Farbe mit antibakteriellem Zusatz, oder in ureic resin, behindern die Entwicklung und Vermehrung von Bakterien und anderen Mikroorganismen auf den Oberfl\u00e4chen.<br \/>\n<span style=\"font-weight: 400;\">Ihre antimikrobielle Funktion kommt nicht weniger durch gew\u00f6hnliche Reinigungs- und Desinfektion Aktivit\u00e4ten. Dies macht sie zur idealen L\u00f6sung f\u00fcr Umgebungen, in denen das Risiko einer Kontamination mit potenziell gef\u00e4hrlichen pathogenen Mikroorganismen f\u00fcr den Menschen hoch ist.<\/span>[\/vc_column_text][\/vc_column][vc_column width=&#8221;1\/2&#8243; css=&#8221;.vc_custom_1616251608441{padding-top: 30px !important;padding-right: 50px !important;padding-bottom: 30px !important;padding-left: 50px !important;}&#8221;][vc_custom_heading text=&#8221;Zertifizierte qualit\u00e4t&#8221; font_container=&#8221;tag:h2|text_align:left|color:%23285ac7&#8243; use_theme_fonts=&#8221;yes&#8221;][vc_column_text]<span style=\"font-weight: 400;\">Sowohl der antibakterieller Lack Schutz der MDF-Toilettensitze als auch die antimikrobielle Wirkung der Toilettensitze in ureica resin sind zertifiziert und durch spezifische Tests garantiert.<br \/>\n<\/span><span style=\"font-weight: 400;\">Bei den antibakteriellen MDF-Sitzen haben die vom <strong>Giordano Institute<\/strong> gem\u00e4\u00df der Norm UNI EN ISO 846 durchgef\u00fchrten Tests eine signifikante Verringerung der Bakterienproliferation auf seinen Oberfl\u00e4chen gezeigt.<br \/>\n<\/span><span style=\"font-weight: 400;\">Die antimikrobielle wirkung des harzes wurde andererseits von der <strong>Autonomen Universit\u00e4t Barcelona<\/strong> zertifiziert und garantiert die Undurchl\u00e4ssigkeit f\u00fcr die h\u00e4ufigsten Bakterien, wodurch die Toilettensitze in diesem Material hygienischer und sicherer werden.<\/span>[\/vc_column_text][\/vc_column][\/vc_row][vc_row full_width=&#8221;stretch_row_content&#8221; equal_height=&#8221;yes&#8221; content_placement=&#8221;top&#8221;][vc_column width=&#8221;1\/4&#8243; css=&#8221;.vc_custom_1616251619584{padding-top: 30px !important;padding-right: 30px !important;padding-bottom: 30px !important;padding-left: 30px !important;background-image: url(https:\/\/www.eurocornicisrl.it\/eurocornici\/app\/uploads\/2021\/03\/Cerniere_MDF.jpg?id=225) !important;background-position: center !important;background-repeat: no-repeat !important;background-size: cover !important;}&#8221;][vc_row_inner][vc_column_inner][vc_custom_heading text=&#8221;Einfache und schnelle Reinigung&#8221; font_container=&#8221;tag:h2|text_align:left|color:%23ffffff&#8221; use_theme_fonts=&#8221;yes&#8221;][vc_column_text el_class=&#8221;white&#8221;]<span style=\"font-weight: 400;\">Die Toilettensitze der Safe &amp; Care &#8211; Linie erleichtern die Reinigung, bei beseitigen Ecken und Einl\u00e4sse, in denen sich Schmutz und Bakterien ansammeln k\u00f6nnen.<br \/>\n<\/span><span style=\"font-weight: 400;\">Beim Harnstoffharzmodell sind die Scharniere au\u00dferhalb des Toilettensitzes positioniert und da es nicht versteckte und schwer erreichbarer Punkte gibt, ist es m\u00f6glich den gesamten Toilettensitz tief zu desinfizieren, sowie auch die Scharniere da man sie leicht herausziehen und \u00dcberpr\u00fcfen kann.<br \/>\n<\/span><span style=\"font-weight: 400;\">Das Vorhandensein von nur zwei Puffern vereinfacht noch mehr die Reinigung.<\/span>[\/vc_column_text][\/vc_column_inner][\/vc_row_inner][\/vc_column][vc_column width=&#8221;1\/4&#8243; css=&#8221;.vc_custom_1616251629741{padding-top: 30px !important;padding-right: 30px !important;padding-bottom: 30px !important;padding-left: 30px !important;background-image: url(https:\/\/www.eurocornicisrl.it\/eurocornici\/app\/uploads\/2021\/03\/Termoindurenti_SoftClose.jpg?id=367) !important;background-position: center !important;background-repeat: no-repeat !important;background-size: cover !important;}&#8221;][vc_row_inner][vc_column_inner][vc_custom_heading text=&#8221;Slow close Funktion&#8221; font_container=&#8221;tag:h2|text_align:left|color:%23ffffff&#8221; use_theme_fonts=&#8221;yes&#8221;][vc_column_text el_class=&#8221;white&#8221;]<span style=\"font-weight: 400;\">Der antibakterielle Toilettensitz aus duroplastischem Harnstoffharz ist mit Edelstahlscharnieren ausgestattet, die f\u00fcr Qualit\u00e4t und Langlebigkeit stehen. Die Bremsen in dem Scharnier enthalten keine umweltsch\u00e4dlichen \u00d6le, verlangsamen und d\u00e4mpfen jedoch den Abstieg des Toilettensitzes durch ein patentiertes mechanisches System.<\/span>[\/vc_column_text][\/vc_column_inner][\/vc_row_inner][\/vc_column][vc_column width=&#8221;1\/4&#8243; css=&#8221;.vc_custom_1616251639726{padding-top: 30px !important;padding-right: 30px !important;padding-bottom: 30px !important;padding-left: 30px !important;background-image: url(https:\/\/www.eurocornicisrl.it\/eurocornici\/app\/uploads\/2021\/03\/Cerniere_MDF.jpg?id=225) !important;}&#8221;][vc_row_inner][vc_column_inner][vc_custom_heading text=&#8221;Easy release Funktion&#8221; font_container=&#8221;tag:h2|text_align:left|color:%23ffffff&#8221; use_theme_fonts=&#8221;yes&#8221;][vc_column_text el_class=&#8221;white&#8221;]<span style=\"font-weight: 400;\">Dank unserem Easy Release Systems k\u00f6nnen Sie den Sitz abnehmen, ohne mit den H\u00e4nden auf die Scharniere einwirken zu m\u00fcssen. Ziehen Sie einfach den ge\u00f6ffneten Toilettensitz nach oben, um den Toilettensitz loszuhaken und die Reinigung schneller zu beenden. <\/span>[\/vc_column_text][\/vc_column_inner][\/vc_row_inner][\/vc_column][vc_column width=&#8221;1\/4&#8243; css=&#8221;.vc_custom_1616263051824{padding-top: 30px !important;padding-right: 30px !important;padding-bottom: 30px !important;padding-left: 30px !important;background-image: url(https:\/\/www.eurocornicisrl.it\/eurocornici\/app\/uploads\/2021\/03\/Qualita_Eurocornici.jpg?id=309) !important;background-position: center !important;background-repeat: no-repeat !important;background-size: cover !important;}&#8221;][vc_row_inner][vc_column_inner][vc_custom_heading text=&#8221;Anpassungsfahigkeit&#8221; font_container=&#8221;tag:h2|text_align:left|color:%23ffffff&#8221; use_theme_fonts=&#8221;yes&#8221;][vc_column_text el_class=&#8221;white&#8221;]<span style=\"font-weight: 400;\">Die Toilettensitze der SebaHygiene-Linie in ureica resin eignen sich sowohl f\u00fcr Wand- als auch f\u00fcr Bodentoiletten mit offenen oder geschlossenen Befestigungslochern.<\/span>[\/vc_column_text][\/vc_column_inner][\/vc_row_inner][\/vc_column][\/vc_row][vc_row css=&#8221;.vc_custom_1615994675882{margin-top: 40px !important;background-color: #ffffff !important;}&#8221;][vc_column][vc_row_inner equal_height=&#8221;yes&#8221; content_placement=&#8221;top&#8221; gap=&#8221;5&#8243; css=&#8221;.vc_custom_1616164596397{margin-left: 10px !important;}&#8221;][vc_column_inner el_class=&#8221;over&#8221; width=&#8221;5\/12&#8243; css=&#8221;.vc_custom_1616164732634{margin-left: 10px !important;padding-top: 15px !important;padding-right: 15px !important;padding-bottom: 15px !important;padding-left: 15px !important;}&#8221;][vc_single_image image=&#8221;384&#8243; img_size=&#8221;&#8221; css=&#8221;.vc_custom_1616164446129{margin-top: 10px !important;}&#8221;][vc_empty_space height=&#8221;12px&#8221;][vc_custom_heading text=&#8221;Antibakterieller Toilettensitz&#8221; font_container=&#8221;tag:h3|text_align:left|color:%23285ac7&#8243; use_theme_fonts=&#8221;yes&#8221;][vc_column_text]<\/p>\n<p class=\"margin_top20\"><strong>Warmh\u00e4rtender Harnstoffharz<\/strong><\/p>\n<p>Take off: Schnell herausnehmbar &#8211; Top fixing: Montage von oben[\/vc_column_text][vc_empty_space height=&#8221;12px&#8221;][\/vc_column_inner][vc_column_inner width=&#8221;2\/12&#8243;][vc_empty_space][\/vc_column_inner][vc_column_inner el_class=&#8221;over&#8221; width=&#8221;5\/12&#8243; css=&#8221;.vc_custom_1616164636819{margin-right: 10px !important;padding-top: 15px !important;padding-right: 15px !important;padding-bottom: 15px !important;padding-left: 25px !important;background-color: #ffffff !important;}&#8221;][vc_single_image image=&#8221;397&#8243; img_size=&#8221;&#8221;][vc_empty_space height=&#8221;12px&#8221;][vc_custom_heading text=&#8221;Antibakterieller Toilettensitz&#8221; font_container=&#8221;tag:h3|text_align:left|color:%23285ac7&#8243; use_theme_fonts=&#8221;yes&#8221;][vc_column_text]<\/p>\n<p class=\"margin_top20\"><strong>Lackieter polyesterbschichteter MDF Sitz<\/strong><\/p>\n<p class=\"margin_top20\">Scharnier aus verchromtem Messing &#8211; Befestigung mit Fl\u00fcgelmutter<\/p>\n<p>[\/vc_column_text][vc_empty_space height=&#8221;12px&#8221;][\/vc_column_inner][\/vc_row_inner][vc_empty_space height=&#8221;52px&#8221;][vc_row_inner equal_height=&#8221;yes&#8221; content_placement=&#8221;top&#8221; gap=&#8221;5&#8243; css=&#8221;.vc_custom_1616164596397{margin-left: 10px !important;}&#8221;][vc_column_inner el_class=&#8221;over&#8221; width=&#8221;5\/12&#8243; css=&#8221;.vc_custom_1616164636819{margin-right: 10px !important;padding-top: 15px !important;padding-right: 15px !important;padding-bottom: 15px !important;padding-left: 25px !important;background-color: #ffffff !important;}&#8221;][vc_single_image image=&#8221;399&#8243; img_size=&#8221;&#8221;][vc_empty_space height=&#8221;12px&#8221;][vc_custom_heading text=&#8221;Barrierefreien ToilettenSitz&#8221; font_container=&#8221;tag:h3|text_align:left|color:%23285ac7&#8243; use_theme_fonts=&#8221;yes&#8221;][vc_column_text]<\/p>\n<p class=\"margin_top20\"><strong>Lackierter polyesterbeschichteter MDF<\/strong><\/p>\n<p class=\"margin_top20\">Scharnier aus verchromtem Messing &#8211; Befestigung mit Fl\u00fcgelmutter<\/p>\n<p>[\/vc_column_text][vc_empty_space height=&#8221;12px&#8221;][\/vc_column_inner][vc_column_inner width=&#8221;2\/12&#8243;][vc_empty_space][\/vc_column_inner][vc_column_inner el_class=&#8221;over&#8221; width=&#8221;5\/12&#8243; css=&#8221;.vc_custom_1616164732634{margin-left: 10px !important;padding-top: 15px !important;padding-right: 15px !important;padding-bottom: 15px !important;padding-left: 15px !important;}&#8221;][vc_single_image image=&#8221;401&#8243; img_size=&#8221;&#8221; css=&#8221;.vc_custom_1616165123649{margin-top: 10px !important;}&#8221;][vc_empty_space height=&#8221;12px&#8221;][vc_custom_heading text=&#8221;Barrierefreien ToilettenSitz Erh\u00f6hungring 8cm&#8221; font_container=&#8221;tag:h3|text_align:left|color:%23285ac7&#8243; use_theme_fonts=&#8221;yes&#8221;][vc_column_text]<\/p>\n<p class=\"margin_top20\"><strong>Polyesterharz<\/strong><\/p>\n<p>Stab-Scharnier aus verchromtem Messing &#8211; Befestigung mit Fl\u00fcgelmutter[\/vc_column_text][vc_empty_space height=&#8221;12px&#8221;][\/vc_column_inner][\/vc_row_inner][vc_empty_space height=&#8221;52px&#8221;][vc_row_inner equal_height=&#8221;yes&#8221; content_placement=&#8221;top&#8221; gap=&#8221;5&#8243; css=&#8221;.vc_custom_1616164596397{margin-left: 10px !important;}&#8221;][vc_column_inner el_class=&#8221;over&#8221; width=&#8221;5\/12&#8243; css=&#8221;.vc_custom_1616164636819{margin-right: 10px !important;padding-top: 15px !important;padding-right: 15px !important;padding-bottom: 15px !important;padding-left: 25px !important;background-color: #ffffff !important;}&#8221;][vc_single_image image=&#8221;969&#8243; img_size=&#8221;173&#215;230&#8243;][vc_empty_space height=&#8221;12px&#8221;][vc_custom_heading text=&#8221;Barrierefreien ToilettenSitz&#8221; font_container=&#8221;tag:h3|text_align:left|color:%23285ac7&#8243; use_theme_fonts=&#8221;yes&#8221;][vc_column_text]<\/p>\n<p class=\"margin_top20\"><strong>Polyesterharz<\/strong><\/p>\n<p>Umh\u00fcllendes Design. Edelstahlscharnier.[\/vc_column_text][vc_empty_space height=&#8221;12px&#8221;][\/vc_column_inner][vc_column_inner width=&#8221;2\/12&#8243;][vc_empty_space][\/vc_column_inner][vc_column_inner el_class=&#8221;over&#8221; width=&#8221;5\/12&#8243; css=&#8221;.vc_custom_1616164732634{margin-left: 10px !important;padding-top: 15px !important;padding-right: 15px !important;padding-bottom: 15px !important;padding-left: 15px !important;}&#8221;][vc_single_image image=&#8221;474&#8243; img_size=&#8221;&#8221; css=&#8221;.vc_custom_1616174932680{margin-top: 10px !important;}&#8221;][vc_empty_space height=&#8221;12px&#8221;][vc_custom_heading text=&#8221;Barrierefreien ToilettenSitz Erh\u00f6hungring 8cm&#8221; font_container=&#8221;tag:h3|text_align:left|color:%23285ac7&#8243; use_theme_fonts=&#8221;yes&#8221;][vc_column_text]<\/p>\n<p class=\"margin_top20\"><strong>Polyesterharz<\/strong><\/p>\n<p>Stab-Scharnier aus verchromtem Messing. Stabilit\u00e4t und Best\u00e4ndigkeit.[\/vc_column_text][vc_empty_space height=&#8221;12px&#8221;][\/vc_column_inner][\/vc_row_inner][\/vc_column][\/vc_row][vc_row gap=&#8221;10&#8243; equal_height=&#8221;yes&#8221; content_placement=&#8221;middle&#8221; css=&#8221;.vc_custom_1616164085834{margin-top: 50px !important;margin-bottom: 50px !important;}&#8221;][vc_column width=&#8221;1\/2&#8243; css=&#8221;.vc_custom_1615977526212{background-color: #17439d !important;border-radius: 4px !important;}&#8221;][vc_empty_space height=&#8221;22px&#8221;][vc_custom_heading text=&#8221;Willst du unser<br \/>\nHandler Sein?&#8221; font_container=&#8221;tag:h2|text_align:center|color:%23ffffff&#8221; google_fonts=&#8221;font_family:Playfair%20Display%3Aregular%2Citalic%2C700%2C700italic%2C900%2C900italic|font_style:700%20bold%20regular%3A700%3Anormal&#8221;][vc_empty_space height=&#8221;12px&#8221;][vc_btn title=&#8221;Kontaktieren sie uns&#8221; style=&#8221;custom&#8221; custom_background=&#8221;#ffffff&#8221; custom_text=&#8221;#17439d&#8221; shape=&#8221;square&#8221; align=&#8221;center&#8221; link=&#8221;url:http%3A%2F%2Fwww.eurocornicisrl.it%2Fde%2Fcontatti%2F|title:Contatti&#8221;][vc_empty_space height=&#8221;22px&#8221;][\/vc_column][vc_column width=&#8221;1\/2&#8243; css=&#8221;.vc_custom_1615977550357{background-color: #285ac7 !important;border-radius: 4px !important;}&#8221;][vc_empty_space height=&#8221;22px&#8221;][vc_custom_heading text=&#8221;Kostenlose<br \/>\nressourcen&#8221; font_container=&#8221;tag:h2|text_align:center|color:%23ffffff&#8221; google_fonts=&#8221;font_family:Playfair%20Display%3Aregular%2Citalic%2C700%2C700italic%2C900%2C900italic|font_style:700%20bold%20regular%3A700%3Anormal&#8221;][vc_empty_space height=&#8221;12px&#8221;][vc_btn title=&#8221;Entdecke mehr&#8221; style=&#8221;custom&#8221; custom_background=&#8221;#ffffff&#8221; custom_text=&#8221;#17439d&#8221; shape=&#8221;square&#8221; align=&#8221;center&#8221; link=&#8221;url:https%3A%2F%2Fwww.youtube.com%2Fchannel%2FUCG8xVZBWhQLd_wXZL_qtyTw|title:Contatti|target:_blank&#8221;][vc_empty_space height=&#8221;22px&#8221;][\/vc_column][\/vc_row]<\/p>\n","protected":false},"excerpt":{"rendered":"<p>[vc_row full_width=&#8221;stretch_row_content&#8221; equal_height=&#8221;yes&#8221; content_placement=&#8221;middle&#8221; css=&#8221;.vc_custom_1615992229506{background-color: #285ac7 !important;}&#8221;][vc_column width=&#8221;1\/2&#8243; css=&#8221;.vc_custom_1616250644238{padding-top: 20px !important;padding-right: 20px !important;padding-bottom: 15px !important;padding-left: 50px !important;}&#8221;][vc_empty_space][vc_custom_heading text=&#8221;SebaHygiene&#8221; font_container=&#8221;tag:h2|text_align:left|color:%23ffffff&#8221; use_theme_fonts=&#8221;yes&#8221;][vc_column_text el_class=&#8221;white&#8221;]Es ist unsere Linie von Toilettensitzen aus antibakteriellen Materialien, um immer die Hygienesicherheit der Toilette zu gew\u00e4hrleisten.[\/vc_column_text][vc_empty_space][\/vc_column][vc_column width=&#8221;1\/2&#8243; css=&#8221;.vc_custom_1616163874904{background-color: #ffffff !important;background-position: center !important;background-repeat: no-repeat !important;background-size: cover !important;}&#8221; el_class=&#8221;over&#8221;][vc_single_image image=&#8221;845&#8243; img_size=&#8221;full&#8221; alignment=&#8221;center&#8221;][\/vc_column][\/vc_row][vc_row full_width=&#8221;stretch_row_content&#8221; content_placement=&#8221;middle&#8221; css=&#8221;.vc_custom_1616163984000{margin-top: 50px &hellip;<\/p>\n<p class=\"read-more\"> <a class=\"\" href=\"https:\/\/eurocornicisrl.it\/de\/copriwater-safecare\/\"> <span class=\"screen-reader-text\">Safe&#038;Care<\/span> Read More &raquo;<\/a><\/p>\n","protected":false},"author":1,"featured_media":0,"parent":0,"menu_order":3,"comment_status":"closed","ping_status":"closed","template":"","meta":{"footnotes":""},"class_list":["post-285","page","type-page","status-publish","hentry"],"translation":{"provider":"WPGlobus","version":"2.6.8","language":"de","enabled_languages":["it","en","de"],"languages":{"it":{"title":true,"content":true,"excerpt":false},"en":{"title":true,"content":true,"excerpt":false},"de":{"title":true,"content":true,"excerpt":false}}},"_links":{"self":[{"href":"https:\/\/eurocornicisrl.it\/de\/wp-json\/wp\/v2\/pages\/285","targetHints":{"allow":["GET"]}}],"collection":[{"href":"https:\/\/eurocornicisrl.it\/de\/wp-json\/wp\/v2\/pages"}],"about":[{"href":"https:\/\/eurocornicisrl.it\/de\/wp-json\/wp\/v2\/types\/page"}],"author":[{"embeddable":true,"href":"https:\/\/eurocornicisrl.it\/de\/wp-json\/wp\/v2\/users\/1"}],"replies":[{"embeddable":true,"href":"https:\/\/eurocornicisrl.it\/de\/wp-json\/wp\/v2\/comments?post=285"}],"version-history":[{"count":110,"href":"https:\/\/eurocornicisrl.it\/de\/wp-json\/wp\/v2\/pages\/285\/revisions"}],"predecessor-version":[{"id":1023,"href":"https:\/\/eurocornicisrl.it\/de\/wp-json\/wp\/v2\/pages\/285\/revisions\/1023"}],"wp:attachment":[{"href":"https:\/\/eurocornicisrl.it\/de\/wp-json\/wp\/v2\/media?parent=285"}],"curies":[{"name":"wp","href":"https:\/\/api.w.org\/{rel}","templated":true}]}}