{"id":18,"date":"2021-03-17T09:26:22","date_gmt":"2021-03-17T08:26:22","guid":{"rendered":"https:\/\/www.eurocornicisrl.it\/?page_id=18"},"modified":"2021-03-29T15:30:10","modified_gmt":"2021-03-29T13:30:10","slug":"produzione","status":"publish","type":"page","link":"https:\/\/eurocornicisrl.it\/de\/chi-siamo\/produzione\/","title":{"rendered":"Produktion"},"content":{"rendered":"<p>[vc_row full_width=&#8221;stretch_row&#8221; content_placement=&#8221;bottom&#8221; css=&#8221;.vc_custom_1616175876457{background-image: url(https:\/\/www.eurocornicisrl.it\/eurocornici\/app\/uploads\/2021\/03\/Produzione_EuroCornici_D.jpg?id=479) !important;background-position: center !important;background-repeat: no-repeat !important;background-size: cover !important;}&#8221;][vc_column][vc_empty_space height=&#8221;500px&#8221;][\/vc_column][\/vc_row][vc_row gap=&#8221;30&#8243; css=&#8221;.vc_custom_1616167359534{margin-top: 50px !important;}&#8221;][vc_column width=&#8221;1\/2&#8243;][vc_custom_heading text=&#8221;Produktionskapazit\u00e4t&#8221; font_container=&#8221;tag:h2|text_align:left|color:%2317439d&#8221; use_theme_fonts=&#8221;yes&#8221;][vc_custom_heading text=&#8221;Technologie und Kompetenz: Die richtige Mischung f\u00fcr ein Produkt,<br \/>\ndas die Erwartungen erf\u00fcllt.&#8221; font_container=&#8221;tag:h5|text_align:left|color:%23000000&#8243; google_fonts=&#8221;font_family:Playfair%20Display%3Aregular%2Citalic%2C700%2C700italic%2C900%2C900italic|font_style:700%20bold%20regular%3A700%3Anormal&#8221;][\/vc_column][vc_column width=&#8221;1\/2&#8243;][vc_column_text]Robotisierte und manuelle Pressen f\u00fcr duroplastische Toilettensitze. Neben computergest\u00fctzten Maschinen und kollaborativen Robotern kann sich die Produktionsabteilung auf modernste Technologien verlassen, um hochwertige Toilettensitze aus Duroplast oder lackiertem MDF herzustellen.<br \/>\nDie Produktionsanlagen erstrecken sich \u00fcber 12.000 Quadratmeter, um eine effiziente Reaktion auf die Herausforderungen des Marktes zu gew\u00e4hrleisten.<\/p>\n<p><span style=\"color: #295ac8;\">Der gesamte Produktionsprozess wird \u00fcberpr\u00fcft und \u00fcberpr\u00fcft, um sicherzustellen, dass stets hohe und einheitliche Qualit\u00e4tsstandards erreicht werden.<\/span>[\/vc_column_text][\/vc_column][\/vc_row][vc_row css=&#8221;.vc_custom_1616167021365{margin-top: 50px !important;margin-bottom: 50px !important;}&#8221;][vc_column css=&#8221;.vc_custom_1616167091869{padding-top: 35px !important;padding-right: 35px !important;padding-bottom: 35px !important;padding-left: 35px !important;background-color: #ffffff !important;}&#8221; el_class=&#8221;over&#8221;][vc_row_inner equal_height=&#8221;yes&#8221; content_placement=&#8221;top&#8221; gap=&#8221;20&#8243;][vc_column_inner width=&#8221;1\/2&#8243;][vc_column_text]<span style=\"font-weight: 400;\">Die Aufmerksamkeit auf Energieeinsparungen ist besonders in den Prozessanlagen von Produktionseinheiten maximal: Energie aus erneuerbaren Quellen wird mit der Verpflichtung verwendet, den Verbrauch und alle Emissionen einzud\u00e4mmen.<\/span><\/p>\n<p><span style=\"font-weight: 400;\">Weitere Investitionen in diese Perspektive sind unerl\u00e4sslich, um die Leistung zu verbessern und die Erwartungen eines zunehmend aufmerksamen und anspruchsvollen Marktes zu erf\u00fcllen. <\/span><span style=\"font-weight: 400;\">Der gesamte Produktionsprozess wird \u00fcberpr\u00fcft und \u00fcberpr\u00fcft, um sicherzustellen, dass st\u00e4ndig hohe und einheitliche Qualit\u00e4tsstandards erreicht werden.<\/span>[\/vc_column_text][\/vc_column_inner][vc_column_inner width=&#8221;1\/2&#8243;][vc_column_text]<span style=\"font-weight: 400;\">All dies hat die Entwicklung einer breiten Palette von Toilettensitzen erm\u00f6glicht und das Unternehmen zu einem der wichtigsten Hersteller in Bezug auf Innovation und Produktionslinien in der Branche gemacht. <\/span><\/p>\n<p><span style=\"font-weight: 400;\">Dank der perfekten Synchronisation zwischen den Abteilungen kann Eurocornici Bestellungen innerhalb der mit dem Kunden vereinbarten Fristen umgehend bearbeiten. Das Ziel des Unternehmens ist es, einen qualitativ hochwertigen Service zusammen mit einer breiten Produktpalette anzubieten.<\/span>[\/vc_column_text][\/vc_column_inner][\/vc_row_inner][\/vc_column][\/vc_row][vc_row full_width=&#8221;stretch_row&#8221; css=&#8221;.vc_custom_1616167409910{padding-top: 60px !important;padding-bottom: 60px !important;background-color: #295ac8 !important;background-position: center !important;background-repeat: no-repeat !important;background-size: cover !important;}&#8221;][vc_column width=&#8221;1\/6&#8243;][\/vc_column][vc_column width=&#8221;2\/3&#8243;][vc_column_text el_class=&#8221;white&#8221;]<\/p>\n<p style=\"text-align: center;\">Die Qualit\u00e4tskontrolle des gesamten Produktionsprozesses garantiert eine st\u00e4ndige \u00dcberpr\u00fcfung, um sicherzustellen, dass ein Produkt frei von klassischen Herstellungsfehlern ist.<\/p>\n<p style=\"text-align: center;\">Durch kontinuierliche und gemeinsame Schulungen werden alle Mitarbeiter auf die Aufmerksamkeit f\u00fcr die Details und die \u00dcberwachung ihrer Arbeit aufmerksam gemacht.<\/p>\n<p style=\"text-align: center;\"><strong>Das Endergebnis ist eine wahrgenommene Qualit\u00e4t, die \u00fcber den Erwartungen liegt.<\/strong><\/p>\n<p>[\/vc_column_text][\/vc_column][vc_column width=&#8221;1\/6&#8243;][\/vc_column][\/vc_row][vc_row full_width=&#8221;stretch_row&#8221; css=&#8221;.vc_custom_1616167516845{background-image: url(https:\/\/www.eurocornicisrl.it\/eurocornici\/app\/uploads\/2021\/03\/Progettazione_E_design.jpg?id=428) !important;background-position: center !important;background-repeat: no-repeat !important;background-size: cover !important;}&#8221;][vc_column][vc_empty_space height=&#8221;500px&#8221;][\/vc_column][\/vc_row][vc_row gap=&#8221;30&#8243; css=&#8221;.vc_custom_1616167559775{margin-top: 50px !important;}&#8221;][vc_column width=&#8221;1\/2&#8243;][vc_custom_heading text=&#8221;Engineering und Design&#8221; font_container=&#8221;tag:h2|text_align:left|color:%2317439d&#8221; use_theme_fonts=&#8221;yes&#8221;][vc_custom_heading text=&#8221;Von der Beratung bis zum Design.<br \/>\nVon der Entwicklung der Mathematik<br \/>\nbis zum Bau von Formen f\u00fcr neue Modelle.&#8221; font_container=&#8221;tag:h5|text_align:left|color:%23000000&#8243; google_fonts=&#8221;font_family:Playfair%20Display%3Aregular%2Citalic%2C700%2C700italic%2C900%2C900italic|font_style:700%20bold%20regular%3A700%3Anormal&#8221;][\/vc_column][vc_column width=&#8221;1\/2&#8243;][vc_column_text]<span style=\"color: #295ac8;\">Wir stellen die gesamte Erfahrung und innovative Technologie unserer Produktionsanlagen in den Dienst unserer Kunden.<\/span><\/p>\n<p>Ausgehend von einer Keramikvase oder einer technischen Ad-hoc-Zeichnung erstellen und gestalten wir dank des \u00fcber die Jahre gewonnenen Know-hows ma\u00dfgeschneiderte Toilettensitze.[\/vc_column_text][\/vc_column][\/vc_row][vc_row css=&#8221;.vc_custom_1616167021365{margin-top: 50px !important;margin-bottom: 50px !important;}&#8221;][vc_column css=&#8221;.vc_custom_1616167091869{padding-top: 35px !important;padding-right: 35px !important;padding-bottom: 35px !important;padding-left: 35px !important;background-color: #ffffff !important;}&#8221; el_class=&#8221;over&#8221;][vc_row_inner equal_height=&#8221;yes&#8221; content_placement=&#8221;top&#8221; gap=&#8221;20&#8243;][vc_column_inner width=&#8221;1\/2&#8243;][vc_column_text]<span style=\"font-weight: 400;\">Alle Kunden werden vom technischen B\u00fcro von der ersten Entwurfsphase bis zur Fertigstellung des Prototyps und der Auswahl von Zubeh\u00f6r und Scharnieren unterst\u00fctzt. Die Techniker verfolgen Schritt f\u00fcr Schritt die Realisierung der Formen und Produktionsanlagen und wenden dabei die grundlegenden Best Practices an, die ein vollst\u00e4ndig in Italien hergestelltes Produkt auszeichnen.<\/span>[\/vc_column_text][\/vc_column_inner][vc_column_inner width=&#8221;1\/2&#8243;][vc_column_text]<span style=\"font-weight: 400;\">Die Zusammenarbeit mit einigen der wichtigsten und renommiertesten Architekturb\u00fcros der Branche erm\u00f6glicht es, die Produktion zu modulieren und an Markttrends anzupassen, ohne die mechanischen und funktionellen Eigenschaften zu beeintr\u00e4chtigen, die alle Produkte von Eurocornici seit jeher auszeichnen.<\/span>[\/vc_column_text][\/vc_column_inner][\/vc_row_inner][\/vc_column][\/vc_row][vc_row][vc_column][vc_empty_space height=&#8221;52px&#8221;][\/vc_column][\/vc_row][vc_row full_width=&#8221;stretch_row&#8221; css=&#8221;.vc_custom_1616168530448{background-image: url(https:\/\/www.eurocornicisrl.it\/eurocornici\/app\/uploads\/2021\/03\/Qualita_Eurocornici-1.jpg?id=438) !important;background-position: center !important;background-repeat: no-repeat !important;background-size: cover !important;}&#8221;][vc_column][vc_empty_space height=&#8221;500px&#8221;][\/vc_column][\/vc_row][vc_row css=&#8221;.vc_custom_1616074820634{margin-top: 50px !important;}&#8221;][vc_column width=&#8221;1\/2&#8243;][vc_custom_heading text=&#8221;Qualit\u00e4t im Zeitraum garantiert&#8221; font_container=&#8221;tag:h2|text_align:left|color:%2317439d&#8221; use_theme_fonts=&#8221;yes&#8221;][vc_custom_heading text=&#8221;Getestet und zertifiziert.<br \/>\nF\u00fcr garantierte Qualit\u00e4t.&#8221; font_container=&#8221;tag:h5|text_align:left|color:%23000000&#8243; google_fonts=&#8221;font_family:Playfair%20Display%3Aregular%2Citalic%2C700%2C700italic%2C900%2C900italic|font_style:700%20bold%20regular%3A700%3Anormal&#8221;][\/vc_column][vc_column width=&#8221;1\/2&#8243;][vc_column_text]<span style=\"font-weight: 400;\">Ein hochmodernes technisches Labor mit modernsten Ger\u00e4ten zur Analyse und Bewertung von Materialien und Komponenten. <\/span><\/p>\n<p><span style=\"font-weight: 400;\">Technologisch fortschrittliche Maschinen<\/span><\/p>\n<p><span style=\"color: #295ac8;\">Alle Toilettensitze werden mit Simulationen in extremen Einsatzsituationen getestet, um chemische und mechanische Reaktionen zu untersuchen und stets die h\u00f6chste Qualit\u00e4t sicherzustellen.<\/span>[\/vc_column_text][\/vc_column][\/vc_row][vc_row css=&#8221;.vc_custom_1616167021365{margin-top: 50px !important;margin-bottom: 50px !important;}&#8221;][vc_column css=&#8221;.vc_custom_1616167091869{padding-top: 35px !important;padding-right: 35px !important;padding-bottom: 35px !important;padding-left: 35px !important;background-color: #ffffff !important;}&#8221; el_class=&#8221;over&#8221;][vc_row_inner equal_height=&#8221;yes&#8221; content_placement=&#8221;top&#8221; gap=&#8221;20&#8243;][vc_column_inner width=&#8221;1\/2&#8243;][vc_column_text]<span style=\"font-weight: 400;\">Statische und dynamische Belastungstests, mechanische Haltbarkeitstests, Feuchtigkeitsbest\u00e4ndigkeitstests, Korrosionsbest\u00e4ndigkeitstests f\u00fcr Metallscharniere, chemische Best\u00e4ndigkeitstests und spezifische Tests f\u00fcr langsam schlie\u00dfende Sitze. <\/span>[\/vc_column_text][\/vc_column_inner][vc_column_inner width=&#8221;1\/2&#8243;][vc_column_text]<span style=\"font-weight: 400;\">Alle Tests werden regelm\u00e4\u00dfig nach den wichtigsten von der Branche anerkannten europ\u00e4ischen Normen (NF XP 12-207) durchgef\u00fchrt.<\/span><br \/>\n<span style=\"font-weight: 400;\">Um im Laufe der Zeit eine garantierte Qualit\u00e4t zu gew\u00e4hrleisten, sind wir ein zertifiziertes Unternehmen und arbeiten mit der wichtigsten Zertifizierung Bureau zusammen.<\/span>[\/vc_column_text][\/vc_column_inner][\/vc_row_inner][\/vc_column][\/vc_row][vc_row][vc_column][vc_empty_space height=&#8221;52px&#8221;][\/vc_column][\/vc_row]<\/p>\n","protected":false},"excerpt":{"rendered":"<p>[vc_row full_width=&#8221;stretch_row&#8221; content_placement=&#8221;bottom&#8221; css=&#8221;.vc_custom_1616175876457{background-image: url(https:\/\/www.eurocornicisrl.it\/eurocornici\/app\/uploads\/2021\/03\/Produzione_EuroCornici_D.jpg?id=479) !important;background-position: center !important;background-repeat: no-repeat !important;background-size: cover !important;}&#8221;][vc_column][vc_empty_space height=&#8221;500px&#8221;][\/vc_column][\/vc_row][vc_row gap=&#8221;30&#8243; css=&#8221;.vc_custom_1616167359534{margin-top: 50px !important;}&#8221;][vc_column width=&#8221;1\/2&#8243;][vc_custom_heading text=&#8221;Produktionskapazit\u00e4t&#8221; font_container=&#8221;tag:h2|text_align:left|color:%2317439d&#8221; use_theme_fonts=&#8221;yes&#8221;][vc_custom_heading text=&#8221;Technologie und Kompetenz: Die richtige Mischung f\u00fcr ein Produkt, das die Erwartungen erf\u00fcllt.&#8221; font_container=&#8221;tag:h5|text_align:left|color:%23000000&#8243; google_fonts=&#8221;font_family:Playfair%20Display%3Aregular%2Citalic%2C700%2C700italic%2C900%2C900italic|font_style:700%20bold%20regular%3A700%3Anormal&#8221;][\/vc_column][vc_column width=&#8221;1\/2&#8243;][vc_column_text]Robotisierte und manuelle Pressen f\u00fcr duroplastische Toilettensitze. Neben computergest\u00fctzten Maschinen und kollaborativen Robotern kann sich die Produktionsabteilung auf modernste &hellip;<\/p>\n<p class=\"read-more\"> <a class=\"\" href=\"https:\/\/eurocornicisrl.it\/de\/chi-siamo\/produzione\/\"> <span class=\"screen-reader-text\">Produktion<\/span> Read More &raquo;<\/a><\/p>\n","protected":false},"author":1,"featured_media":0,"parent":10,"menu_order":4,"comment_status":"closed","ping_status":"closed","template":"","meta":{"footnotes":""},"class_list":["post-18","page","type-page","status-publish","hentry"],"translation":{"provider":"WPGlobus","version":"2.6.8","language":"de","enabled_languages":["it","en","de"],"languages":{"it":{"title":true,"content":true,"excerpt":false},"en":{"title":true,"content":true,"excerpt":false},"de":{"title":true,"content":true,"excerpt":false}}},"_links":{"self":[{"href":"https:\/\/eurocornicisrl.it\/de\/wp-json\/wp\/v2\/pages\/18","targetHints":{"allow":["GET"]}}],"collection":[{"href":"https:\/\/eurocornicisrl.it\/de\/wp-json\/wp\/v2\/pages"}],"about":[{"href":"https:\/\/eurocornicisrl.it\/de\/wp-json\/wp\/v2\/types\/page"}],"author":[{"embeddable":true,"href":"https:\/\/eurocornicisrl.it\/de\/wp-json\/wp\/v2\/users\/1"}],"replies":[{"embeddable":true,"href":"https:\/\/eurocornicisrl.it\/de\/wp-json\/wp\/v2\/comments?post=18"}],"version-history":[{"count":41,"href":"https:\/\/eurocornicisrl.it\/de\/wp-json\/wp\/v2\/pages\/18\/revisions"}],"predecessor-version":[{"id":938,"href":"https:\/\/eurocornicisrl.it\/de\/wp-json\/wp\/v2\/pages\/18\/revisions\/938"}],"up":[{"embeddable":true,"href":"https:\/\/eurocornicisrl.it\/de\/wp-json\/wp\/v2\/pages\/10"}],"wp:attachment":[{"href":"https:\/\/eurocornicisrl.it\/de\/wp-json\/wp\/v2\/media?parent=18"}],"curies":[{"name":"wp","href":"https:\/\/api.w.org\/{rel}","templated":true}]}}