{"id":14,"date":"2021-03-17T09:26:04","date_gmt":"2021-03-17T08:26:04","guid":{"rendered":"https:\/\/www.eurocornicisrl.it\/?page_id=14"},"modified":"2021-07-07T17:25:17","modified_gmt":"2021-07-07T15:25:17","slug":"copriwater-termoindurente","status":"publish","type":"page","link":"https:\/\/eurocornicisrl.it\/de\/copriwater-termoindurente\/","title":{"rendered":"Duroplast Toilettsitze"},"content":{"rendered":"<p>[vc_row full_width=&#8221;stretch_row_content&#8221; equal_height=&#8221;yes&#8221; content_placement=&#8221;middle&#8221; css=&#8221;.vc_custom_1615992229506{background-color: #285ac7 !important;}&#8221;][vc_column width=&#8221;1\/2&#8243; css=&#8221;.vc_custom_1616250495869{padding-top: 30px !important;padding-right: 20px !important;padding-bottom: 15px !important;padding-left: 50px !important;}&#8221;][vc_empty_space][vc_custom_heading text=&#8221;Der Toiletten Sitz in<br \/>\nDuroplastischen Harnstoff&#8221; font_container=&#8221;tag:h2|text_align:left|color:%23ffffff&#8221; use_theme_fonts=&#8221;yes&#8221;][vc_column_text el_class=&#8221;white&#8221;]<span style=\"font-size: 1.2em;\">Die Toilettensitze aus duroplastischem Harnstoffharz garantieren eine hohe und langanhaltende Leistung. <\/span><\/p>\n<p>Elegantes Design, Komfort und Langlebigkeit.[\/vc_column_text][vc_empty_space][\/vc_column][vc_column width=&#8221;1\/2&#8243; css=&#8221;.vc_custom_1616162559547{background-image: url(https:\/\/www.eurocornicisrl.it\/eurocornici\/app\/uploads\/2021\/03\/Cover_Termoindurenti.jpg?id=361) !important;background-position: center !important;background-repeat: no-repeat !important;background-size: cover !important;}&#8221;][vc_empty_space height=&#8221;300px&#8221;][\/vc_column][\/vc_row][vc_row full_width=&#8221;stretch_row_content&#8221; full_height=&#8221;yes&#8221; content_placement=&#8221;middle&#8221; css=&#8221;.vc_custom_1615997427004{margin-top: 70px !important;margin-bottom: 70px !important;}&#8221;][vc_column width=&#8221;1\/4&#8243;][mvc_infobox info_style=&#8221;mega_info_box_2&#8243; info_opt=&#8221;show_icon&#8221; icon_height=&#8221;25&#8243; title_color=&#8221;#000000&#8243; font_icon=&#8221;far fa-plus-square&#8221; icon_color=&#8221;#285ac7&#8243; info_title=&#8221;Hygienisch und komfortabel&#8221;]<span style=\"font-weight: 400;\">Mit einer extrem steifen und glatten Oberfl\u00e4che behalten die Toilettensitze aus duroplastischem Harnstoff ihren Komfort \u00fcber die Zeit bei. Dank der Nichtporosit\u00e4t und der F\u00e4higkeit, Kratzern und Abrieb zu widerstehen, sorgen sie immer f\u00fcr maximale Hygiene.<\/span>[\/mvc_infobox][mvc_infobox info_style=&#8221;mega_info_box_2&#8243; info_opt=&#8221;show_icon&#8221; icon_height=&#8221;25&#8243; title_color=&#8221;#000000&#8243; font_icon=&#8221;far fa-plus-square&#8221; icon_color=&#8221;#285ac7&#8243; info_title=&#8221;Leises Schlie\u00dfen&#8221;]<span style=\"font-weight: 400;\">Dank des Soft-Close- Systems wird die Abstiegsgeschwindigkeit des Toilettensitzes automatisch angepasst. F\u00fcr ein ruhigeres und komfortableres Badezimmer.<\/span>[\/mvc_infobox][\/vc_column][vc_column width=&#8221;1\/2&#8243; css=&#8221;.vc_custom_1616163001681{background-image: url(https:\/\/www.eurocornicisrl.it\/eurocornici\/app\/uploads\/2021\/03\/Termo-indurente_D.png?id=365) !important;background-position: center !important;background-repeat: no-repeat !important;background-size: contain !important;}&#8221;][vc_empty_space height=&#8221;700px&#8221;][\/vc_column][vc_column width=&#8221;1\/4&#8243;][mvc_infobox info_style=&#8221;mega_info_box_2&#8243; info_opt=&#8221;show_icon&#8221; icon_height=&#8221;25&#8243; title_color=&#8221;#000000&#8243; font_icon=&#8221;far fa-plus-square&#8221; icon_color=&#8221;#285ac7&#8243; info_title=&#8221;Garantierte Haltbarkeit&#8221;]<span style=\"font-weight: 400;\">Die Verwendung von Edelstahlscharnieren vermeidet die Bildung von Rost zum Vorteil der Best\u00e4ndigkeit und Zuverl\u00e4ssigkeit. Das Top-Fixing-Kit erm\u00f6glicht eine bequeme Befestigung von oben.<\/span>[\/mvc_infobox][mvc_infobox info_style=&#8221;mega_info_box_2&#8243; info_opt=&#8221;show_icon&#8221; icon_height=&#8221;25&#8243; title_color=&#8221;#000000&#8243; font_icon=&#8221;far fa-plus-square&#8221; icon_color=&#8221;#285ac7&#8243; info_title=&#8221;Neue matte Oberfl\u00e4chen&#8221;]<span style=\"font-weight: 400;\">Mit den automatisierten Herstellungstechniken wird der Farbbereich der W\u00e4rme h\u00e4rtbaren Harnharz-Toilettensitze dank der Verf\u00fcgbarkeit der neuen matten Oberfl\u00e4chen noch breiter. F\u00fcr ein noch exklusiveres und pers\u00f6nlicheres Produktangebot.<\/span>[\/mvc_infobox][\/vc_column][\/vc_row][vc_row full_width=&#8221;stretch_row_content&#8221; equal_height=&#8221;yes&#8221; content_placement=&#8221;middle&#8221; css=&#8221;.vc_custom_1615993560724{background-color: #fbfbfb !important;}&#8221;][vc_column width=&#8221;1\/2&#8243; css=&#8221;.vc_custom_1616146305590{background-image: url(https:\/\/www.eurocornicisrl.it\/eurocornici\/app\/uploads\/2021\/03\/Termoindurenti_Cover.jpg?id=317) !important;background-position: center !important;background-repeat: no-repeat !important;background-size: cover !important;}&#8221;][vc_empty_space height=&#8221;300px&#8221;][\/vc_column][vc_column width=&#8221;1\/2&#8243; css=&#8221;.vc_custom_1616251877131{padding-top: 30px !important;padding-right: 50px !important;padding-bottom: 15px !important;padding-left: 50px !important;}&#8221;][vc_empty_space][vc_custom_heading text=&#8221;Urea Toilettsitze:<br \/>\nhergestellt um zu dauern&#8221; font_container=&#8221;tag:h2|text_align:left|color:%23285ac7&#8243; use_theme_fonts=&#8221;yes&#8221;][vc_column_text]Duroplastischer Harnstoff widersteht extremen Bruchtests, Kratzern und Abrieb. Es ist wasserdicht und nicht brennbar.<br \/>\nMacht die Oberfl\u00e4che des Toilettensitzes extrem steif und glatt. Dar\u00fcber hinaus garantiert es dank seiner Nichtporosit\u00e4t immer maximale Hygiene. All dies stellt sicher, dass die aus diesem Material gefertigten Toilettensitze eine Qualit\u00e4t haben, die auch nach Jahren h\u00e4ufigen Gebrauchs unver\u00e4ndert bleibt.[\/vc_column_text][vc_empty_space][\/vc_column][\/vc_row][vc_row full_width=&#8221;stretch_row_content&#8221; equal_height=&#8221;yes&#8221; content_placement=&#8221;top&#8221;][vc_column width=&#8221;1\/3&#8243; css=&#8221;.vc_custom_1616251967034{padding-top: 30px !important;padding-right: 30px !important;padding-bottom: 30px !important;padding-left: 30px !important;background-image: url(https:\/\/www.eurocornicisrl.it\/eurocornici\/app\/uploads\/2021\/03\/Termoindurenti_SoftClose.jpg?id=367) !important;background-position: center !important;background-repeat: no-repeat !important;background-size: cover !important;}&#8221;][vc_row_inner][vc_column_inner][vc_empty_space][vc_custom_heading text=&#8221;Slow Close System:<br \/>\nstill und sicher&#8221; font_container=&#8221;tag:h2|text_align:left|color:%23ffffff&#8221; use_theme_fonts=&#8221;yes&#8221;][vc_column_text el_class=&#8221;white&#8221;]<span style=\"font-weight: 400;\">Das Soft-Close-System passt die Schlie\u00dfgeschwindigkeit des Toilettensitzes an und d\u00e4mpft ihn f\u00fcr mehr Ruhe. Das Ergebnis ist ein ruhigeres und komfortableres Badezimmer.<\/span>[\/vc_column_text][\/vc_column_inner][\/vc_row_inner][\/vc_column][vc_column width=&#8221;1\/3&#8243; css=&#8221;.vc_custom_1616251896509{padding-top: 30px !important;padding-right: 30px !important;padding-bottom: 30px !important;padding-left: 30px !important;background-image: url(https:\/\/www.eurocornicisrl.it\/eurocornici\/app\/uploads\/2021\/03\/Cerniere_MDF.jpg?id=225) !important;background-position: center !important;background-repeat: no-repeat !important;background-size: cover !important;}&#8221;][vc_row_inner][vc_column_inner][vc_empty_space][vc_custom_heading text=&#8221;Scharniere und Befestigungen der ersten Wahl&#8221; font_container=&#8221;tag:h2|text_align:left|color:%23ffffff&#8221; use_theme_fonts=&#8221;yes&#8221;][vc_column_text el_class=&#8221;white&#8221;]<span style=\"font-weight: 400;\">F\u00fcr die Toilettensitze aus duroplastischem Harnstoffharz verwenden wir Edelstahlscharniere, ein Garant f\u00fcr Best\u00e4ndigkeit und Zuverl\u00e4ssigkeit. Nicht nur. Alle zusammengebauten Scharniere werden strengen Widerstandstests unterzogen, um stets maximale Haltbarkeit zu gew\u00e4hrleisten. Mit dem praktischen Top-Fixing-System von oben muss man sich nicht mehr unter die Toilette legen, um die Muttern festzuziehen und eine perfekte Verankerung zu gew\u00e4hrleisten. \u00dcbersetzt: Geschwindigkeit und Praktikabilit\u00e4t sowohl bei der Montage als auch beim Austausch des alten Sitzes. Dar\u00fcber hinaus bestehen alle Komponenten aus Stahl, um eine optimale und dauerhafte Befestigung zu gew\u00e4hrleisten.<\/span>[\/vc_column_text][\/vc_column_inner][\/vc_row_inner][\/vc_column][vc_column width=&#8221;1\/3&#8243; css=&#8221;.vc_custom_1616251905830{padding-top: 30px !important;padding-right: 30px !important;padding-bottom: 30px !important;padding-left: 30px !important;background-image: url(https:\/\/www.eurocornicisrl.it\/eurocornici\/app\/uploads\/2021\/03\/Termoindurenti_Color.jpg?id=368) !important;}&#8221;][vc_row_inner][vc_column_inner][vc_empty_space][vc_custom_heading text=&#8221;Eine endlose Farbpalette&#8221; font_container=&#8221;tag:h2|text_align:left|color:%23ffffff&#8221; use_theme_fonts=&#8221;yes&#8221;][vc_column_text el_class=&#8221;white&#8221;]<span style=\"font-weight: 400;\">Schwarz, Grau oder Wei\u00df machen keinen Unterschied. Dank der automatisierten Herstellungstechniken ist es m\u00f6glich, die Toilettensitze aus duroplastischem Harnstoffharz auch mit einer matten Oberfl\u00e4che zu w\u00e4hlen. Auf diese Weise wird es noch einfacher, dem Badezimmer einen zus\u00e4tzlichen Hauch von Eleganz zu verleihen, indem Sie es an Ihren Geschmack oder den Ihrer Kunden anpassen. Sich von den anderen abheben. Immer.<\/span>[\/vc_column_text][\/vc_column_inner][\/vc_row_inner][\/vc_column][\/vc_row][vc_row css=&#8221;.vc_custom_1615994675882{margin-top: 40px !important;background-color: #ffffff !important;}&#8221;][vc_column][vc_row_inner equal_height=&#8221;yes&#8221; content_placement=&#8221;top&#8221; gap=&#8221;5&#8243;][vc_column_inner el_class=&#8221;over&#8221; width=&#8221;1\/3&#8243; css=&#8221;.vc_custom_1615977373085{padding-top: 15px !important;padding-right: 15px !important;padding-bottom: 15px !important;padding-left: 25px !important;background-color: #ffffff !important;}&#8221;][vc_single_image image=&#8221;457&#8243; img_size=&#8221;120&#215;120&#8243;][vc_empty_space height=&#8221;12px&#8221;][vc_custom_heading text=&#8221;Soft Close&#8221; font_container=&#8221;tag:h3|text_align:left|color:%23285ac7&#8243; use_theme_fonts=&#8221;yes&#8221; link=&#8221;url:https%3A%2F%2Farea6.it%2Ftermoindurente%2F|title:Termoindurente&#8221;][vc_column_text]Das System passt die Sinkgeschwindigkeit des Toilettensitzes an.[\/vc_column_text][vc_icon icon_fontawesome=&#8221;fas fa-long-arrow-alt-right&#8221; color=&#8221;custom&#8221; background_style=&#8221;rounded-less&#8221; background_color=&#8221;custom&#8221; custom_color=&#8221;#ffffff&#8221; custom_background_color=&#8221;#285ac7&#8243; link=&#8221;url:http%3A%2F%2Fwww.eurocornicisrl.it%2Fde%2Ffeatures%2F%23soft-close|title:Features|target:_blank&#8221;][vc_empty_space height=&#8221;12px&#8221;][\/vc_column_inner][vc_column_inner el_class=&#8221;over&#8221; width=&#8221;1\/3&#8243; css=&#8221;.vc_custom_1615977377832{padding-top: 15px !important;padding-right: 15px !important;padding-bottom: 15px !important;padding-left: 25px !important;background-color: #ffffff !important;}&#8221;][vc_single_image image=&#8221;456&#8243; img_size=&#8221;130&#215;130&#8243;][vc_empty_space height=&#8221;12px&#8221;][vc_custom_heading text=&#8221;Top Fixing&#8221; font_container=&#8221;tag:h3|text_align:left|color:%23285ac7&#8243; use_theme_fonts=&#8221;yes&#8221;][vc_column_text]Alle unsere Scharniere sind mit dem praktischen Top-Befestigungssystem ausgestattet, um eine einfachere Befestigung von oben zu erm\u00f6glichen.[\/vc_column_text][vc_icon icon_fontawesome=&#8221;fas fa-long-arrow-alt-right&#8221; color=&#8221;custom&#8221; background_style=&#8221;rounded-less&#8221; background_color=&#8221;custom&#8221; custom_color=&#8221;#ffffff&#8221; custom_background_color=&#8221;#285ac7&#8243; link=&#8221;url:http%3A%2F%2Fwww.eurocornicisrl.it%2Fde%2Ffeatures%2F%23top-fixing|title:Features|target:_blank&#8221;][vc_empty_space height=&#8221;12px&#8221;][\/vc_column_inner][vc_column_inner el_class=&#8221;over&#8221; width=&#8221;1\/3&#8243; css=&#8221;.vc_custom_1615977383727{padding-top: 15px !important;padding-right: 15px !important;padding-bottom: 15px !important;padding-left: 25px !important;background-color: #ffffff !important;}&#8221;][vc_single_image image=&#8221;458&#8243; img_size=&#8221;120&#215;120&#8243;][vc_empty_space height=&#8221;12px&#8221;][vc_custom_heading text=&#8221;Take Off&#8221; font_container=&#8221;tag:h3|text_align:left|color:%23285ac7&#8243; use_theme_fonts=&#8221;yes&#8221;][vc_column_text]Das Take Off Systeme des Toilettensitzes erm\u00f6glicht eine genaue, einfache und schnelle Hygiene aller Komponenten der Toilette.[\/vc_column_text][vc_icon icon_fontawesome=&#8221;fas fa-long-arrow-alt-right&#8221; color=&#8221;custom&#8221; background_style=&#8221;rounded-less&#8221; background_color=&#8221;custom&#8221; custom_color=&#8221;#ffffff&#8221; custom_background_color=&#8221;#285ac7&#8243; link=&#8221;url:http%3A%2F%2Fwww.eurocornicisrl.it%2Fde%2Ffeatures%2F%23take-off|title:Features|target:_blank&#8221;][vc_empty_space height=&#8221;12px&#8221;][\/vc_column_inner][\/vc_row_inner][\/vc_column][\/vc_row][vc_row full_width=&#8221;stretch_row&#8221; content_placement=&#8221;middle&#8221; css=&#8221;.vc_custom_1616252827612{margin-top: 100px !important;padding-top: 300px !important;padding-bottom: 300px !important;background-image: url(https:\/\/www.eurocornicisrl.it\/eurocornici\/app\/uploads\/2021\/03\/Mdf_Cover_Blu.jpg?id=606) !important;background-position: center !important;background-repeat: no-repeat !important;background-size: cover !important;}&#8221;][vc_column][\/vc_column][\/vc_row][vc_row gap=&#8221;10&#8243; equal_height=&#8221;yes&#8221; content_placement=&#8221;middle&#8221; css=&#8221;.vc_custom_1615994603996{margin-top: -70px !important;margin-bottom: 50px !important;}&#8221;][vc_column width=&#8221;1\/2&#8243; css=&#8221;.vc_custom_1615977526212{background-color: #17439d !important;border-radius: 4px !important;}&#8221;][vc_empty_space height=&#8221;22px&#8221;][vc_custom_heading text=&#8221;Willst du unser<br \/>\nHandler Sein?&#8221; font_container=&#8221;tag:h2|text_align:center|color:%23ffffff&#8221; google_fonts=&#8221;font_family:Playfair%20Display%3Aregular%2Citalic%2C700%2C700italic%2C900%2C900italic|font_style:700%20bold%20regular%3A700%3Anormal&#8221;][vc_empty_space height=&#8221;12px&#8221;][vc_btn title=&#8221;Kontaktieren sie uns&#8221; style=&#8221;custom&#8221; custom_background=&#8221;#ffffff&#8221; custom_text=&#8221;#17439d&#8221; shape=&#8221;square&#8221; align=&#8221;center&#8221; link=&#8221;url:http%3A%2F%2Fwww.eurocornicisrl.it%2Fde%2Fcontatti%2F|title:Contatti&#8221;][vc_empty_space height=&#8221;22px&#8221;][\/vc_column][vc_column width=&#8221;1\/2&#8243; css=&#8221;.vc_custom_1615977550357{background-color: #285ac7 !important;border-radius: 4px !important;}&#8221;][vc_empty_space height=&#8221;22px&#8221;][vc_custom_heading text=&#8221;Kostenlose<br \/>\nressourcen&#8221; font_container=&#8221;tag:h2|text_align:center|color:%23ffffff&#8221; google_fonts=&#8221;font_family:Playfair%20Display%3Aregular%2Citalic%2C700%2C700italic%2C900%2C900italic|font_style:700%20bold%20regular%3A700%3Anormal&#8221;][vc_empty_space height=&#8221;12px&#8221;][vc_btn title=&#8221;Entdecke mehr&#8221; style=&#8221;custom&#8221; custom_background=&#8221;#ffffff&#8221; custom_text=&#8221;#17439d&#8221; shape=&#8221;square&#8221; align=&#8221;center&#8221; link=&#8221;url:https%3A%2F%2Fwww.youtube.com%2Fchannel%2FUCG8xVZBWhQLd_wXZL_qtyTw|title:Le%20nostre%20risorse|target:_blank&#8221;][vc_empty_space height=&#8221;22px&#8221;][\/vc_column][\/vc_row]<\/p>\n","protected":false},"excerpt":{"rendered":"<p>[vc_row full_width=&#8221;stretch_row_content&#8221; equal_height=&#8221;yes&#8221; content_placement=&#8221;middle&#8221; css=&#8221;.vc_custom_1615992229506{background-color: #285ac7 !important;}&#8221;][vc_column width=&#8221;1\/2&#8243; css=&#8221;.vc_custom_1616250495869{padding-top: 30px !important;padding-right: 20px !important;padding-bottom: 15px !important;padding-left: 50px !important;}&#8221;][vc_empty_space][vc_custom_heading text=&#8221;Der Toiletten Sitz in Duroplastischen Harnstoff&#8221; font_container=&#8221;tag:h2|text_align:left|color:%23ffffff&#8221; use_theme_fonts=&#8221;yes&#8221;][vc_column_text el_class=&#8221;white&#8221;]Die Toilettensitze aus duroplastischem Harnstoffharz garantieren eine hohe und langanhaltende Leistung. Elegantes Design, Komfort und Langlebigkeit.[\/vc_column_text][vc_empty_space][\/vc_column][vc_column width=&#8221;1\/2&#8243; css=&#8221;.vc_custom_1616162559547{background-image: url(https:\/\/www.eurocornicisrl.it\/eurocornici\/app\/uploads\/2021\/03\/Cover_Termoindurenti.jpg?id=361) !important;background-position: center !important;background-repeat: no-repeat !important;background-size: cover !important;}&#8221;][vc_empty_space height=&#8221;300px&#8221;][\/vc_column][\/vc_row][vc_row full_width=&#8221;stretch_row_content&#8221; full_height=&#8221;yes&#8221; content_placement=&#8221;middle&#8221; &hellip;<\/p>\n<p class=\"read-more\"> <a class=\"\" href=\"https:\/\/eurocornicisrl.it\/de\/copriwater-termoindurente\/\"> <span class=\"screen-reader-text\">Duroplast Toilettsitze<\/span> Read More &raquo;<\/a><\/p>\n","protected":false},"author":1,"featured_media":0,"parent":0,"menu_order":3,"comment_status":"closed","ping_status":"closed","template":"","meta":{"footnotes":""},"class_list":["post-14","page","type-page","status-publish","hentry"],"translation":{"provider":"WPGlobus","version":"2.6.8","language":"de","enabled_languages":["it","en","de"],"languages":{"it":{"title":true,"content":true,"excerpt":false},"en":{"title":true,"content":true,"excerpt":false},"de":{"title":true,"content":true,"excerpt":false}}},"_links":{"self":[{"href":"https:\/\/eurocornicisrl.it\/de\/wp-json\/wp\/v2\/pages\/14","targetHints":{"allow":["GET"]}}],"collection":[{"href":"https:\/\/eurocornicisrl.it\/de\/wp-json\/wp\/v2\/pages"}],"about":[{"href":"https:\/\/eurocornicisrl.it\/de\/wp-json\/wp\/v2\/types\/page"}],"author":[{"embeddable":true,"href":"https:\/\/eurocornicisrl.it\/de\/wp-json\/wp\/v2\/users\/1"}],"replies":[{"embeddable":true,"href":"https:\/\/eurocornicisrl.it\/de\/wp-json\/wp\/v2\/comments?post=14"}],"version-history":[{"count":86,"href":"https:\/\/eurocornicisrl.it\/de\/wp-json\/wp\/v2\/pages\/14\/revisions"}],"predecessor-version":[{"id":1026,"href":"https:\/\/eurocornicisrl.it\/de\/wp-json\/wp\/v2\/pages\/14\/revisions\/1026"}],"wp:attachment":[{"href":"https:\/\/eurocornicisrl.it\/de\/wp-json\/wp\/v2\/media?parent=14"}],"curies":[{"name":"wp","href":"https:\/\/api.w.org\/{rel}","templated":true}]}}