{"id":12,"date":"2021-03-17T09:25:51","date_gmt":"2021-03-17T08:25:51","guid":{"rendered":"https:\/\/www.eurocornicisrl.it\/?page_id=12"},"modified":"2024-04-10T14:26:30","modified_gmt":"2024-04-10T12:26:30","slug":"copriwater-mdf","status":"publish","type":"page","link":"https:\/\/eurocornicisrl.it\/de\/copriwater-mdf\/","title":{"rendered":"MDF Toilettsitze"},"content":{"rendered":"<p>[vc_row full_width=&#8221;stretch_row_content&#8221; equal_height=&#8221;yes&#8221; content_placement=&#8221;middle&#8221; css=&#8221;.vc_custom_1615992229506{background-color: #285ac7 !important;}&#8221;][vc_column width=&#8221;1\/2&#8243; css=&#8221;.vc_custom_1616236257299{padding-top: 30px !important;padding-right: 50px !important;padding-bottom: 15px !important;padding-left: 60px !important;}&#8221;][vc_empty_space][vc_custom_heading text=&#8221;Die MDF-Toilettsitze<br \/>\nim lackierten polyester&#8221; font_container=&#8221;tag:h2|text_align:left|color:%23ffffff&#8221; use_theme_fonts=&#8221;yes&#8221;][vc_column_text el_class=&#8221;white&#8221;]<span style=\"font-size: 1.2em;\">Mit ihrer lackierten Oberfl\u00e4che sind die MDF-Toilettensitze unser historisches Produkt, das nie seinen Charme verliert. <\/span><\/p>\n<p>Dank der gro\u00dfen Auswahl an Farben ist es immer m\u00f6glich, diese mit der Originalfarbe der f\u00fcr das Badezimmer ausgew\u00e4hlten Sanit\u00e4r zu kombinieren.[\/vc_column_text][vc_empty_space][\/vc_column][vc_column width=&#8221;1\/2&#8243; css=&#8221;.vc_custom_1616235449955{background-image: url(https:\/\/www.eurocornicisrl.it\/eurocornici\/app\/uploads\/2021\/03\/MDF-cover.jpg?id=526) !important;background-position: center !important;background-repeat: no-repeat !important;background-size: cover !important;}&#8221;][vc_empty_space height=&#8221;300px&#8221;][\/vc_column][\/vc_row][vc_row full_width=&#8221;stretch_row_content&#8221; full_height=&#8221;yes&#8221; content_placement=&#8221;middle&#8221; css=&#8221;.vc_custom_1616149775367{margin-top: 70px !important;margin-bottom: 70px !important;}&#8221;][vc_column width=&#8221;1\/4&#8243;][mvc_infobox info_style=&#8221;mega_info_box_2&#8243; info_opt=&#8221;show_icon&#8221; icon_height=&#8221;25&#8243; title_color=&#8221;#000000&#8243; font_icon=&#8221;far fa-plus-square&#8221; icon_color=&#8221;#285ac7&#8243; info_title=&#8221;Beschichtungsqualit\u00e4t&#8221;]<span style=\"font-weight: 400;\">MDF Lackierte Toilettensitze aus Polyester vergilben nicht mit der Zeit und behalten ihren Charme unver\u00e4ndert.<\/span>[\/mvc_infobox][mvc_infobox info_style=&#8221;mega_info_box_2&#8243; info_opt=&#8221;show_icon&#8221; icon_height=&#8221;25&#8243; title_color=&#8221;#000000&#8243; font_icon=&#8221;far fa-plus-square&#8221; icon_color=&#8221;#285ac7&#8243; info_title=&#8221;Zuverl\u00e4ssigkeit im Laufe der Zeit&#8221;]<span style=\"font-weight: 400;\">Bei allen MDF-Toilettensitzen werden Scharniere in Materialien montiert, die strenge Korrosionsschutz- und Belastbarkeitspr\u00fcfungen bestehen.<\/span>[\/mvc_infobox][\/vc_column][vc_column width=&#8221;1\/2&#8243; css=&#8221;.vc_custom_1616149605601{background-image: url(https:\/\/www.eurocornicisrl.it\/eurocornici\/app\/uploads\/2021\/03\/e1000-mdf.png?id=326) !important;background-position: center !important;background-repeat: no-repeat !important;background-size: contain !important;}&#8221;][vc_empty_space height=&#8221;700px&#8221;][\/vc_column][vc_column width=&#8221;1\/4&#8243;][mvc_infobox info_style=&#8221;mega_info_box_2&#8243; info_opt=&#8221;show_icon&#8221; icon_height=&#8221;25&#8243; title_color=&#8221;#000000&#8243; font_icon=&#8221;far fa-plus-square&#8221; icon_color=&#8221;#285ac7&#8243; info_title=&#8221;Un\u00fcbertroffene Haltbarkeit&#8221;]<span style=\"font-weight: 400;\">Unsere MDF-Toilettensitze wurden sowohl in Wasser als auch in der Presse getestet und halten Belastungen von bis zu 300 kg stand. Um immer maximalen Komfort und Haltbarkeit zu gew\u00e4hrleisten.<\/span>[\/mvc_infobox][mvc_infobox info_style=&#8221;mega_info_box_2&#8243; info_opt=&#8221;show_icon&#8221; icon_height=&#8221;25&#8243; title_color=&#8221;#000000&#8243; font_icon=&#8221;far fa-plus-square&#8221; icon_color=&#8221;#285ac7&#8243; info_title=&#8221;Endlose Formen und Farben&#8221;]<span style=\"font-weight: 400;\">Die Toilettensitze aus lackiertem Polyester-MDF sind in den an den h\u00e4ufigsten verwendeten Farben und Formen von Keramikh\u00e4usern erh\u00e4ltlich und passen perfekt zu den installierten Sanit\u00e4rartikeln.<\/span>[\/mvc_infobox][\/vc_column][\/vc_row][vc_row full_width=&#8221;stretch_row_content&#8221; equal_height=&#8221;yes&#8221; content_placement=&#8221;middle&#8221; css=&#8221;.vc_custom_1615993560724{background-color: #fbfbfb !important;}&#8221;][vc_column width=&#8221;1\/2&#8243; css=&#8221;.vc_custom_1616146579298{background-image: url(https:\/\/www.eurocornicisrl.it\/eurocornici\/app\/uploads\/2021\/03\/Mdf_Materiale.jpg?id=321) !important;background-position: center !important;background-repeat: no-repeat !important;background-size: cover !important;}&#8221;][vc_empty_space height=&#8221;300px&#8221;][\/vc_column][vc_column width=&#8221;1\/2&#8243; css=&#8221;.vc_custom_1616236267207{padding-top: 30px !important;padding-right: 50px !important;padding-bottom: 15px !important;padding-left: 60px !important;}&#8221;][vc_empty_space][vc_custom_heading text=&#8221;MDF-Toilettsitze:<br \/>\n\u00f6kologisch und zertifiziert&#8221; font_container=&#8221;tag:h2|text_align:left|color:%23285ac7&#8243; use_theme_fonts=&#8221;yes&#8221;][vc_column_text]<span style=\"font-weight: 400;\">MDF ist ein Derivat des Holzes und wird verwendet, um eine sehr breite Palette von Toilettensitzen zu erhalten, sowohl in Bezug auf Formen als auch in Bezug auf Farben. Es wird aus der Mischung von Frischholzharzen und -fasern erster Wahl gewonnen und ist \u00e4u\u00dferst umweltschonend. <\/span><\/p>\n<p><span style=\"font-weight: 400;\">Die Dauer des Toilettensitzes h\u00e4ngt von seiner Qualit\u00e4t ab. Aus diesem Grund verwenden wir ausschlie\u00dflich FSC\u00ae-zertifizierte MDF-PANELS, deren Herkunft in jeder Verarbeitungsstufe nachverfolgt wird. Unsere in Italien hergestellten und sowohl Wasser- als auch Pressetests unterzogenen MDF-Toilettensitze halten Belastungen von bis zu 300 kg stand, um stets maximalen Komfort und Langlebigkeit zu gew\u00e4hrleisten.<\/span><\/p>\n<p><span style=\"font-weight: 400;\">Lackierte MDF-Toilettensitze aus Polyester vergilben nicht mit der Zeit, sondern behalten ihre Helligkeit und Farbe, ideal in einer komfortablen und vertrauten Atmosph\u00e4re. Dank der technischen Eigenschaften der verwendeten Materialien von absolutem Wert k\u00f6nnen au\u00dferdem nur zwei Puffer verwendet werden, die die Stellen beseitigen, an denen sich Schmutz ansammeln kann, was auch die Reinigung des Produkts erleichtert.<\/span>[\/vc_column_text][vc_empty_space][\/vc_column][\/vc_row][vc_row full_width=&#8221;stretch_row_content&#8221; equal_height=&#8221;yes&#8221; content_placement=&#8221;top&#8221;][vc_column width=&#8221;1\/2&#8243; css=&#8221;.vc_custom_1615994252878{padding-top: 30px !important;padding-right: 20px !important;padding-bottom: 30px !important;padding-left: 20px !important;background-image: url(https:\/\/www.eurocornicisrl.it\/eurocornici\/app\/uploads\/2021\/03\/Cerniere_MDF.jpg?id=225) !important;background-position: center !important;background-repeat: no-repeat !important;background-size: cover !important;}&#8221;][vc_row_inner][vc_column_inner width=&#8221;1\/6&#8243;][\/vc_column_inner][vc_column_inner width=&#8221;2\/3&#8243;][vc_empty_space][vc_custom_heading text=&#8221;Korrosionsbest\u00e4ndige scharniere&#8221; font_container=&#8221;tag:h2|text_align:left|color:%23ffffff&#8221; use_theme_fonts=&#8221;yes&#8221;][vc_column_text el_class=&#8221;white&#8221;]<span style=\"font-weight: 400;\">Die Wahl bei der Verwendung von Scharnieren ist f\u00fcr die Lebensdauer des Toilettensitzes von grundlegender Bedeutung. Aus diesem Grund montieren wir an allen MDF-Toilettensitzen Scharniere, die die Korrosionsschutz- und Belastungsbest\u00e4ndigkeitstests mit hervorragenden Ergebnissen bestehen. Die Komponenten werden in Italien hergestellt: Eine Auswahl, die beispiellose Zuverl\u00e4ssigkeit und Langlebigkeit garantiert. <\/span><span style=\"font-weight: 400;\">Dar\u00fcber hinaus werden nur die an den besten geeigneten Befestigungen f\u00fcr die Art der Sanit\u00e4rverwendet, auf der der Toilettensitz installiert werden soll, wobei besonderes Augenmerk auf die einfache Installation gelegt wird.<\/span>[\/vc_column_text][\/vc_column_inner][vc_column_inner width=&#8221;1\/6&#8243;][\/vc_column_inner][\/vc_row_inner][\/vc_column][vc_column width=&#8221;1\/2&#8243; css=&#8221;.vc_custom_1616146699133{padding-top: 30px !important;padding-right: 20px !important;padding-bottom: 30px !important;padding-left: 20px !important;background-image: url(https:\/\/www.eurocornicisrl.it\/eurocornici\/app\/uploads\/2021\/03\/Colori_MDF_D.jpg?id=323) !important;background-position: center !important;background-repeat: no-repeat !important;background-size: cover !important;}&#8221;][vc_row_inner][vc_column_inner width=&#8221;1\/6&#8243;][\/vc_column_inner][vc_column_inner width=&#8221;2\/3&#8243;][vc_empty_space][vc_custom_heading text=&#8221;W\u00e4hlen sie, welche Farbe sie wollen&#8221; font_container=&#8221;tag:h2|text_align:left|color:%23ffffff&#8221; use_theme_fonts=&#8221;yes&#8221;][vc_column_text el_class=&#8221;white&#8221;]<span style=\"font-weight: 400;\">Die Auswahl an Farben ist sehr gro\u00df. Alle lackierten Polyester-MDF-Modelle sind in den Farben der Sanit\u00e4rkeramik erh\u00e4ltlich. Auf diese Weise ist es immer m\u00f6glich, die richtige L\u00f6sung f\u00fcr das installierte Sanit\u00e4r zu w\u00e4hlen.<\/span>[\/vc_column_text][\/vc_column_inner][vc_column_inner width=&#8221;1\/6&#8243;][\/vc_column_inner][\/vc_row_inner][\/vc_column][\/vc_row][vc_row css=&#8221;.vc_custom_1616252064826{margin-top: 40px !important;background-color: #ffffff !important;}&#8221;][vc_column][vc_row_inner equal_height=&#8221;yes&#8221; content_placement=&#8221;top&#8221; gap=&#8221;5&#8243;][vc_column_inner width=&#8221;1\/4&#8243; css=&#8221;.vc_custom_1616252203784{padding-top: 15px !important;padding-right: 15px !important;padding-bottom: 15px !important;padding-left: 25px !important;background-color: #ffffff !important;}&#8221;][\/vc_column_inner][vc_column_inner el_class=&#8221;over&#8221; width=&#8221;1\/2&#8243;][vc_empty_space height=&#8221;12px&#8221;][vc_single_image image=&#8221;457&#8243; img_size=&#8221;130&#215;130&#8243; alignment=&#8221;center&#8221;][vc_custom_heading text=&#8221;Soft Close&#8221; font_container=&#8221;tag:h3|text_align:center|color:%23285ac7&#8243; use_theme_fonts=&#8221;yes&#8221;][vc_column_text]<\/p>\n<p style=\"text-align: center;\">Das System passt die Sinkgeschwindigkeit<br \/>\ndes Toilettensitzes an.<\/p>\n<p>[\/vc_column_text][vc_icon icon_fontawesome=&#8221;fas fa-long-arrow-alt-right&#8221; color=&#8221;custom&#8221; background_style=&#8221;rounded-less&#8221; background_color=&#8221;custom&#8221; align=&#8221;right&#8221; custom_color=&#8221;#ffffff&#8221; custom_background_color=&#8221;#285ac7&#8243; link=&#8221;url:http%3A%2F%2Fwww.eurocornicisrl.it%2Fde%2Ffeatures%2F%23soft-close|title:Features|target:_blank&#8221;][vc_empty_space height=&#8221;12px&#8221;][\/vc_column_inner][vc_column_inner width=&#8221;1\/4&#8243;][\/vc_column_inner][\/vc_row_inner][\/vc_column][\/vc_row][vc_row][vc_column width=&#8221;1\/12&#8243;][\/vc_column][vc_column width=&#8221;10\/12&#8243;][vc_empty_space height=&#8221;25px&#8221;][vc_single_image image=&#8221;544&#8243; img_size=&#8221;full&#8221; alignment=&#8221;center&#8221;][vc_empty_space height=&#8221;12px&#8221;][vc_custom_heading text=&#8221;Zertifizierung FSC&reg;&#8221; font_container=&#8221;tag:h3|text_align:center|color:%23285ac7&#8243; use_theme_fonts=&#8221;yes&#8221;][vc_column_text]<\/p>\n<p style=\"text-align: center;\">Die Aufmerksamkeit auf den Umweltschutz ist oberstes Gebot.<br \/>\nHierf\u00fcr verwenden wir ausschlie\u00dflich FSC\u00ae-zertifiziertes CARB-MDF, das nur aus verantwortungsvoll bewirtschafteten W\u00e4ldern stammt.<\/p>\n<p>[\/vc_column_text][vc_empty_space height=&#8221;25px&#8221;][\/vc_column][vc_column width=&#8221;1\/12&#8243;][\/vc_column][\/vc_row][vc_row full_width=&#8221;stretch_row&#8221; content_placement=&#8221;middle&#8221; css=&#8221;.vc_custom_1616252857197{margin-top: 100px !important;padding-top: 300px !important;padding-bottom: 300px !important;background-image: url(https:\/\/www.eurocornicisrl.it\/eurocornici\/app\/uploads\/2021\/03\/Mdf_Cover_Blu.jpg?id=606) !important;background-position: center !important;background-repeat: no-repeat !important;background-size: cover !important;}&#8221;][vc_column][\/vc_column][\/vc_row][vc_row gap=&#8221;10&#8243; equal_height=&#8221;yes&#8221; content_placement=&#8221;middle&#8221; css=&#8221;.vc_custom_1615994603996{margin-top: -70px !important;margin-bottom: 50px !important;}&#8221;][vc_column width=&#8221;1\/2&#8243; css=&#8221;.vc_custom_1615977526212{background-color: #17439d !important;border-radius: 4px !important;}&#8221;][vc_empty_space height=&#8221;22px&#8221;][vc_custom_heading text=&#8221;Willst du unser<br \/>\nHandler Sein?&#8221; font_container=&#8221;tag:h2|text_align:center|color:%23ffffff&#8221; google_fonts=&#8221;font_family:Playfair%20Display%3Aregular%2Citalic%2C700%2C700italic%2C900%2C900italic|font_style:700%20bold%20regular%3A700%3Anormal&#8221;][vc_empty_space height=&#8221;12px&#8221;][vc_btn title=&#8221;Kontaktieren sie uns&#8221; style=&#8221;custom&#8221; custom_background=&#8221;#ffffff&#8221; custom_text=&#8221;#17439d&#8221; shape=&#8221;square&#8221; align=&#8221;center&#8221; link=&#8221;url:http%3A%2F%2Fwww.eurocornicisrl.it%2Fde%2Fcontatti%2F|title:Contatti&#8221;][vc_empty_space height=&#8221;22px&#8221;][\/vc_column][vc_column width=&#8221;1\/2&#8243; css=&#8221;.vc_custom_1615977550357{background-color: #285ac7 !important;border-radius: 4px !important;}&#8221;][vc_empty_space height=&#8221;22px&#8221;][vc_custom_heading text=&#8221;Kostenlose<br \/>\nressourcen&#8221; font_container=&#8221;tag:h2|text_align:center|color:%23ffffff&#8221; google_fonts=&#8221;font_family:Playfair%20Display%3Aregular%2Citalic%2C700%2C700italic%2C900%2C900italic|font_style:700%20bold%20regular%3A700%3Anormal&#8221;][vc_empty_space height=&#8221;12px&#8221;][vc_btn title=&#8221;Entdecke mehr&#8221; style=&#8221;custom&#8221; custom_background=&#8221;#ffffff&#8221; custom_text=&#8221;#17439d&#8221; shape=&#8221;square&#8221; align=&#8221;center&#8221; link=&#8221;url:https%3A%2F%2Fwww.youtube.com%2Fchannel%2FUCG8xVZBWhQLd_wXZL_qtyTw|title:Le%20nostre%20risorse|target:_blank&#8221;][vc_empty_space height=&#8221;22px&#8221;][\/vc_column][\/vc_row]<\/p>\n","protected":false},"excerpt":{"rendered":"<p>[vc_row full_width=&#8221;stretch_row_content&#8221; equal_height=&#8221;yes&#8221; content_placement=&#8221;middle&#8221; css=&#8221;.vc_custom_1615992229506{background-color: #285ac7 !important;}&#8221;][vc_column width=&#8221;1\/2&#8243; css=&#8221;.vc_custom_1616236257299{padding-top: 30px !important;padding-right: 50px !important;padding-bottom: 15px !important;padding-left: 60px !important;}&#8221;][vc_empty_space][vc_custom_heading text=&#8221;Die MDF-Toilettsitze im lackierten polyester&#8221; font_container=&#8221;tag:h2|text_align:left|color:%23ffffff&#8221; use_theme_fonts=&#8221;yes&#8221;][vc_column_text el_class=&#8221;white&#8221;]Mit ihrer lackierten Oberfl\u00e4che sind die MDF-Toilettensitze unser historisches Produkt, das nie seinen Charme verliert. Dank der gro\u00dfen Auswahl an Farben ist es immer m\u00f6glich, diese mit der Originalfarbe der f\u00fcr &hellip;<\/p>\n<p class=\"read-more\"> <a class=\"\" href=\"https:\/\/eurocornicisrl.it\/de\/copriwater-mdf\/\"> <span class=\"screen-reader-text\">MDF Toilettsitze<\/span> Read More &raquo;<\/a><\/p>\n","protected":false},"author":1,"featured_media":0,"parent":0,"menu_order":3,"comment_status":"closed","ping_status":"closed","template":"","meta":{"footnotes":""},"class_list":["post-12","page","type-page","status-publish","hentry"],"translation":{"provider":"WPGlobus","version":"2.6.8","language":"de","enabled_languages":["it","en","de"],"languages":{"it":{"title":true,"content":true,"excerpt":false},"en":{"title":true,"content":true,"excerpt":false},"de":{"title":true,"content":true,"excerpt":false}}},"_links":{"self":[{"href":"https:\/\/eurocornicisrl.it\/de\/wp-json\/wp\/v2\/pages\/12","targetHints":{"allow":["GET"]}}],"collection":[{"href":"https:\/\/eurocornicisrl.it\/de\/wp-json\/wp\/v2\/pages"}],"about":[{"href":"https:\/\/eurocornicisrl.it\/de\/wp-json\/wp\/v2\/types\/page"}],"author":[{"embeddable":true,"href":"https:\/\/eurocornicisrl.it\/de\/wp-json\/wp\/v2\/users\/1"}],"replies":[{"embeddable":true,"href":"https:\/\/eurocornicisrl.it\/de\/wp-json\/wp\/v2\/comments?post=12"}],"version-history":[{"count":138,"href":"https:\/\/eurocornicisrl.it\/de\/wp-json\/wp\/v2\/pages\/12\/revisions"}],"predecessor-version":[{"id":678,"href":"https:\/\/eurocornicisrl.it\/de\/wp-json\/wp\/v2\/pages\/12\/revisions\/678"}],"wp:attachment":[{"href":"https:\/\/eurocornicisrl.it\/de\/wp-json\/wp\/v2\/media?parent=12"}],"curies":[{"name":"wp","href":"https:\/\/api.w.org\/{rel}","templated":true}]}}