{"id":10,"date":"2021-03-17T09:25:43","date_gmt":"2021-03-17T08:25:43","guid":{"rendered":"https:\/\/www.eurocornicisrl.it\/?page_id=10"},"modified":"2021-03-29T15:29:00","modified_gmt":"2021-03-29T13:29:00","slug":"chi-siamo","status":"publish","type":"page","link":"https:\/\/eurocornicisrl.it\/de\/chi-siamo\/","title":{"rendered":"Wer wir sind"},"content":{"rendered":"<p>[vc_row css=&#8221;.vc_custom_1616071369030{margin-top: 50px !important;background-image: url(https:\/\/www.eurocornicisrl.it\/eurocornici\/app\/uploads\/2021\/03\/Azienda_Chi_Siamo.jpg?id=282) !important;background-position: center !important;background-repeat: no-repeat !important;background-size: cover !important;}&#8221;][vc_column][vc_empty_space height=&#8221;400px&#8221;][\/vc_column][\/vc_row][vc_row css=&#8221;.vc_custom_1616071167327{margin-top: 50px !important;}&#8221;][vc_column][mvc_timeline_father][mvc_timeline_son centerstyle=&#8221;dot&#8221; maintitle=&#8221;&#8221; titlepadding=&#8221;&#8221; date=&#8221;Unsere geschichte&#8221; clr=&#8221;#285ac7&#8243; size=&#8221;18&#8243; bgclr=&#8221;#285ac7&#8243; css=&#8221;.vc_custom_1616262762927{background-color: #ffffff !important;}&#8221;]<span style=\"font-weight: 400;\">Eurocornici Srl wurde im 1975 geboren. <\/span><span style=\"font-weight: 400;\">Die Hauptt\u00e4tigkeit ist die Herstellung von MDF-Toilettensitzen aus lackiertem Polyester. <\/span><span style=\"font-weight: 400;\">Das Produkt wird sofort f\u00fcr seinen Komfort und seine Qualit\u00e4t gesch\u00e4tzt, unterst\u00fctzt durch eine hohe Produktionskapazit\u00e4t und einen Kundenservice, die das Unternehmen in nur wenigen Jahren zum Hauptmarktf\u00fchrer im Bereich Badm\u00f6bel machen. <\/span><span style=\"font-weight: 400;\">Konsolidierte die Position im Laufe der Zeit, im Jahr 2004 wurde eine der Niederlassungen des Unternehmens verkauft.<\/span>[\/mvc_timeline_son][mvc_timeline_son centerstyle=&#8221;dot&#8221; maintitle=&#8221;&#8221; titlepadding=&#8221;&#8221; date=&#8221;Die Produktpalette beginnt zu wachsen&#8221; clr=&#8221;#285ac7&#8243; size=&#8221;18&#8243; bgclr=&#8221;#285ac7&#8243; css=&#8221;.vc_custom_1616406794124{background-color: #ffffff !important;}&#8221;]<span style=\"font-weight: 400;\">Das Jahr 2013 markiert den Bruchpunkt f\u00fcr das gesamte Unternehmen. Eurocornici kehrt mit einer breiteren und umfassenderen Produktpalette auf den Markt zur\u00fcck und perfektioniert so sein Angebot.<br \/>\n<\/span><span style=\"font-weight: 400;\">Neben den MDF-Toilettensitzen, dem historischen Produkt, werden auch die Toilettensitze aus duroplastischem Harnstoffharz vorgestellt. Qualit\u00e4t, Best\u00e4ndigkeit und Verfeinerung des Designs sind die Hauptmerkmale des neuen Vorschlags.<br \/>\n<\/span><span style=\"font-weight: 400;\">Das kommerzielle Angebot wird noch mehr strukturierter und zus\u00e4tzlich zu den neuen Modellen aus duroplastischem Harnstoffharz, wird auch bald die Linie Safe &amp; Care pr\u00e4sentiert.<\/span>[\/mvc_timeline_son][mvc_timeline_son centerstyle=&#8221;dot&#8221; maintitle=&#8221;&#8221; titlepadding=&#8221;&#8221; date=&#8221;Die Sanitary Ware wird gegrundet&#8221; clr=&#8221;#285ac7&#8243; size=&#8221;18&#8243; bgclr=&#8221;#285ac7&#8243; css=&#8221;.vc_custom_1616260726095{background-color: #ffffff !important;}&#8221;]<span style=\"font-weight: 400;\">Im Jahr 2016 macht Eurocornici srl mit der \u00dcbernahme von Elledue srl (ehemals Sedilexport) einen weiteren Schritt nach vorne. So entstand der Gesch\u00e4ftsbereich Sanit\u00e4rwaren: ein grundlegender Meilenstein f\u00fcr das Unternehmenswachstum. <\/span><span style=\"font-weight: 400;\">Die Investition erm\u00f6glicht es, die Produktionskapazit\u00e4t im Zusammenhang mit dem Angebot von Duroplasten f\u00fcr duroplastische Harnstoffharze erheblich zu verbessern. Eine grundlegende strategische Erweiterung sowohl in Bezug auf Maschinen und Anlagen als auch in Bezug auf Berufserfahrung, um es dem Unternehmen zu erm\u00f6glichen, den OEM-Sektor mit einem qualitativ hochwertigen Service und Produkt zu bedienen. <\/span><span style=\"font-weight: 400;\">Mit dem Gesch\u00e4ftsbereich Sanit\u00e4rware kann sich Eurocornici srl heute auf eine hochmoderne Produktionsanlage verlassen, in der die modernsten und innovativsten Technologien auf dem Markt eingesetzt werden.<\/span>[\/mvc_timeline_son][mvc_timeline_son centerstyle=&#8221;dot&#8221; maintitle=&#8221;&#8221; titlepadding=&#8221;&#8221; date=&#8221;Die Produktionsstruktur w\u00e4chst weiter&#8221; clr=&#8221;#285ac7&#8243; size=&#8221;18&#8243; bgclr=&#8221;#285ac7&#8243; css=&#8221;.vc_custom_1616260748826{background-color: #ffffff !important;}&#8221;]<span style=\"font-weight: 400;\">Mit der \u00dcbernahme von SEBA ITALIA srl, einem f\u00fchrenden Unternehmen in der Herstellung von MDF-Toilettensitzen, im Jahr 2018 vervielfachten sich die F\u00e4higkeiten und die Professionalit\u00e4t. Dank des Sortiments und der gesamten Produktionskapazit\u00e4t etabliert sich Eurocornici als f\u00fchrendes Unternehmen in Europa. In seinen Produktionsflachen mit einer \u00fcberdachten Fl\u00e4che von 12.000 Quadratmetern werden alle g\u00e4ngigen Arten von Toilettensitzen hergestellt. Dies macht Eurocornici srl zum idealen Partner f\u00fcr jeden kommerziellen Bedarf.<\/span>[\/mvc_timeline_son][\/mvc_timeline_father][\/vc_column][\/vc_row][vc_row css=&#8221;.vc_custom_1615990177680{margin-top: 50px !important;margin-bottom: 50px !important;}&#8221;][vc_column width=&#8221;1\/4&#8243;][vc_single_image image=&#8221;181&#8243; img_size=&#8221;full&#8221; alignment=&#8221;center&#8221;][\/vc_column][vc_column width=&#8221;1\/4&#8243;][vc_single_image image=&#8221;182&#8243; img_size=&#8221;full&#8221; alignment=&#8221;center&#8221;][\/vc_column][vc_column width=&#8221;1\/4&#8243;][vc_single_image image=&#8221;845&#8243; img_size=&#8221;full&#8221; alignment=&#8221;center&#8221;][\/vc_column][vc_column width=&#8221;1\/4&#8243;][vc_single_image image=&#8221;184&#8243; img_size=&#8221;full&#8221; alignment=&#8221;center&#8221;][\/vc_column][\/vc_row][vc_row][vc_column][vc_separator css=&#8221;.vc_custom_1616253025611{margin-bottom: 30px !important;}&#8221;][\/vc_column][\/vc_row][vc_row css=&#8221;.vc_custom_1616253045234{margin-top: 50px !important;}&#8221;][vc_column][vc_custom_heading text=&#8221;Zertifizierungen&#8221; font_container=&#8221;tag:h2|text_align:center|color:%2317439d&#8221; use_theme_fonts=&#8221;yes&#8221;][vc_row_inner content_placement=&#8221;middle&#8221; css=&#8221;.vc_custom_1616253179119{padding-top: 30px !important;padding-bottom: 30px !important;}&#8221;][vc_column_inner width=&#8221;1\/4&#8243;][vc_single_image image=&#8221;544&#8243; img_size=&#8221;full&#8221; alignment=&#8221;center&#8221;][\/vc_column_inner][vc_column_inner width=&#8221;3\/4&#8243;][vc_column_text css=&#8221;.vc_custom_1617024489074{padding-right: 20px !important;padding-left: 20px !important;}&#8221;]<i>FSC:\u00a0<\/i><i>Die Aufmerksamkeit auf den Umweltschutz ist oberstes Gebot. Hierf\u00fcr verwenden wir nur FSC Platten, die ausschlie\u00dflich aus zertifizierten W\u00e4ldern stammen.<\/i>[\/vc_column_text][\/vc_column_inner][\/vc_row_inner][vc_row_inner content_placement=&#8221;middle&#8221; css=&#8221;.vc_custom_1616253179119{padding-top: 30px !important;padding-bottom: 30px !important;}&#8221;][vc_column_inner width=&#8221;1\/4&#8243;][vc_single_image image=&#8221;633&#8243; img_size=&#8221;full&#8221; alignment=&#8221;center&#8221;][\/vc_column_inner][vc_column_inner width=&#8221;3\/4&#8243;][vc_column_text css=&#8221;.vc_custom_1616406715374{padding-right: 20px !important;padding-left: 20px !important;}&#8221;]<i>ISO 9001 Zertifizierung<\/i>[\/vc_column_text][\/vc_column_inner][\/vc_row_inner][\/vc_column][\/vc_row]<\/p>\n","protected":false},"excerpt":{"rendered":"<p>[vc_row css=&#8221;.vc_custom_1616071369030{margin-top: 50px !important;background-image: url(https:\/\/www.eurocornicisrl.it\/eurocornici\/app\/uploads\/2021\/03\/Azienda_Chi_Siamo.jpg?id=282) !important;background-position: center !important;background-repeat: no-repeat !important;background-size: cover !important;}&#8221;][vc_column][vc_empty_space height=&#8221;400px&#8221;][\/vc_column][\/vc_row][vc_row css=&#8221;.vc_custom_1616071167327{margin-top: 50px !important;}&#8221;][vc_column][mvc_timeline_father][mvc_timeline_son centerstyle=&#8221;dot&#8221; maintitle=&#8221;&#8221; titlepadding=&#8221;&#8221; date=&#8221;Unsere geschichte&#8221; clr=&#8221;#285ac7&#8243; size=&#8221;18&#8243; bgclr=&#8221;#285ac7&#8243; css=&#8221;.vc_custom_1616262762927{background-color: #ffffff !important;}&#8221;]Eurocornici Srl wurde im 1975 geboren. Die Hauptt\u00e4tigkeit ist die Herstellung von MDF-Toilettensitzen aus lackiertem Polyester. Das Produkt wird sofort f\u00fcr seinen Komfort und seine Qualit\u00e4t gesch\u00e4tzt, unterst\u00fctzt durch &hellip;<\/p>\n<p class=\"read-more\"> <a class=\"\" href=\"https:\/\/eurocornicisrl.it\/de\/chi-siamo\/\"> <span class=\"screen-reader-text\">Wer wir sind<\/span> Read More &raquo;<\/a><\/p>\n","protected":false},"author":1,"featured_media":0,"parent":0,"menu_order":1,"comment_status":"closed","ping_status":"closed","template":"","meta":{"footnotes":""},"class_list":["post-10","page","type-page","status-publish","hentry"],"translation":{"provider":"WPGlobus","version":"2.6.8","language":"de","enabled_languages":["it","en","de"],"languages":{"it":{"title":true,"content":true,"excerpt":false},"en":{"title":true,"content":true,"excerpt":false},"de":{"title":true,"content":true,"excerpt":false}}},"_links":{"self":[{"href":"https:\/\/eurocornicisrl.it\/de\/wp-json\/wp\/v2\/pages\/10","targetHints":{"allow":["GET"]}}],"collection":[{"href":"https:\/\/eurocornicisrl.it\/de\/wp-json\/wp\/v2\/pages"}],"about":[{"href":"https:\/\/eurocornicisrl.it\/de\/wp-json\/wp\/v2\/types\/page"}],"author":[{"embeddable":true,"href":"https:\/\/eurocornicisrl.it\/de\/wp-json\/wp\/v2\/users\/1"}],"replies":[{"embeddable":true,"href":"https:\/\/eurocornicisrl.it\/de\/wp-json\/wp\/v2\/comments?post=10"}],"version-history":[{"count":45,"href":"https:\/\/eurocornicisrl.it\/de\/wp-json\/wp\/v2\/pages\/10\/revisions"}],"predecessor-version":[{"id":937,"href":"https:\/\/eurocornicisrl.it\/de\/wp-json\/wp\/v2\/pages\/10\/revisions\/937"}],"wp:attachment":[{"href":"https:\/\/eurocornicisrl.it\/de\/wp-json\/wp\/v2\/media?parent=10"}],"curies":[{"name":"wp","href":"https:\/\/api.w.org\/{rel}","templated":true}]}}